{"id":138,"date":"2023-08-24T15:29:08","date_gmt":"2023-08-24T13:29:08","guid":{"rendered":"https:\/\/3dtranslation.com\/?page_id=138"},"modified":"2024-08-29T13:38:30","modified_gmt":"2024-08-29T11:38:30","slug":"postprocesado-avanzado","status":"publish","type":"page","link":"https:\/\/3dtranslation.com\/index.php\/postprocesado-avanzado\/","title":{"rendered":"Procesamiento avanzado de imagen"},"content":{"rendered":"\t\t<div data-elementor-type=\"wp-page\" data-elementor-id=\"138\" class=\"elementor elementor-138\">\n\t\t\t\t<div class=\"elementor-element elementor-element-2212356 e-flex e-con-boxed e-con e-parent\" data-id=\"2212356\" data-element_type=\"container\" data-e-type=\"container\">\n\t\t\t\t\t<div class=\"e-con-inner\">\n\t\t\t\t<div class=\"elementor-element elementor-element-09eb063 elementor-widget elementor-widget-text-editor\" data-id=\"09eb063\" data-element_type=\"widget\" data-e-type=\"widget\" data-widget_type=\"text-editor.default\">\n\t\t\t\t<div class=\"elementor-widget-container\">\n\t\t\t\t\t\t\t\t\t<p>En 3D Translation SL contamos con expertos en posprocesamiento de imagen m\u00e9dica mediante software especializado y trabajamos con equipos de investigaci\u00f3n de alto nivel.<\/p><p>Ofrecemos servicios de cuantificaci\u00f3n densitom\u00e9trica en tomograf\u00eda computarizada, de intensidad de se\u00f1al en resonancia magn\u00e9tica (relaxometr\u00eda, cuantificaci\u00f3n grasa y f\u00e9rrica, etc.), segmentaci\u00f3n anat\u00f3mica y volumetr\u00eda, y an\u00e1lisis de neuroimagen con FreeSurfer, FSL y CONN. Adem\u00e1s disponemos de radi\u00f3logos con conocimiento para realizar elastograf\u00eda y estudio Doppler arterial y venoso.<\/p>\t\t\t\t\t\t\t\t<\/div>\n\t\t\t\t<\/div>\n\t\t\t\t\t<\/div>\n\t\t\t\t<\/div>\n\t\t<div class=\"elementor-element elementor-element-db286dc e-grid e-con-boxed e-con e-parent\" data-id=\"db286dc\" data-element_type=\"container\" data-e-type=\"container\">\n\t\t\t\t\t<div class=\"e-con-inner\">\n\t\t\t\t<div class=\"elementor-element elementor-element-6af7958 elementor-widget elementor-widget-image\" data-id=\"6af7958\" data-element_type=\"widget\" data-e-type=\"widget\" data-widget_type=\"image.default\">\n\t\t\t\t<div class=\"elementor-widget-container\">\n\t\t\t\t\t\t\t\t\t\t\t\t<figure class=\"wp-caption\">\n\t\t\t\t\t\t\t\t\t\t<img fetchpriority=\"high\" decoding=\"async\" width=\"1150\" height=\"850\" src=\"https:\/\/3dtranslation.com\/wp-content\/uploads\/2024\/08\/conn1.png\" class=\"attachment-full size-full wp-image-3753\" alt=\"\" srcset=\"https:\/\/3dtranslation.com\/wp-content\/uploads\/2024\/08\/conn1.png 1150w, https:\/\/3dtranslation.com\/wp-content\/uploads\/2024\/08\/conn1-300x222.png 300w, https:\/\/3dtranslation.com\/wp-content\/uploads\/2024\/08\/conn1-1024x757.png 1024w\" sizes=\"100vw\" \/>\t\t\t\t\t\t\t\t\t\t\t<figcaption class=\"widget-image-caption wp-caption-text\">Pruebas MRI sin normalizar <\/figcaption>\n\t\t\t\t\t\t\t\t\t\t<\/figure>\n\t\t\t\t\t\t\t\t\t<\/div>\n\t\t\t\t<\/div>\n\t\t\t\t<div class=\"elementor-element elementor-element-ae4c1e2 elementor-widget elementor-widget-image\" data-id=\"ae4c1e2\" data-element_type=\"widget\" data-e-type=\"widget\" data-widget_type=\"image.default\">\n\t\t\t\t<div class=\"elementor-widget-container\">\n\t\t\t\t\t\t\t\t\t\t\t\t<figure class=\"wp-caption\">\n\t\t\t\t\t\t\t\t\t\t<img decoding=\"async\" width=\"1150\" height=\"850\" src=\"https:\/\/3dtranslation.com\/wp-content\/uploads\/2024\/08\/conn2.png\" class=\"attachment-full size-full wp-image-3754\" alt=\"\" srcset=\"https:\/\/3dtranslation.com\/wp-content\/uploads\/2024\/08\/conn2.png 1150w, https:\/\/3dtranslation.com\/wp-content\/uploads\/2024\/08\/conn2-300x222.png 300w, https:\/\/3dtranslation.com\/wp-content\/uploads\/2024\/08\/conn2-1024x757.png 1024w\" sizes=\"100vw\" \/>\t\t\t\t\t\t\t\t\t\t\t<figcaption class=\"widget-image-caption wp-caption-text\">Pruebas MRI normalizadas<\/figcaption>\n\t\t\t\t\t\t\t\t\t\t<\/figure>\n\t\t\t\t\t\t\t\t\t<\/div>\n\t\t\t\t<\/div>\n\t\t\t\t\t<\/div>\n\t\t\t\t<\/div>\n\t\t<div class=\"elementor-element elementor-element-c41815b e-grid e-con-boxed e-con e-parent\" data-id=\"c41815b\" data-element_type=\"container\" data-e-type=\"container\">\n\t\t\t\t\t<div class=\"e-con-inner\">\n\t\t\t\t<div class=\"elementor-element elementor-element-5a6dbc2 elementor-widget elementor-widget-image\" data-id=\"5a6dbc2\" data-element_type=\"widget\" data-e-type=\"widget\" data-widget_type=\"image.default\">\n\t\t\t\t<div class=\"elementor-widget-container\">\n\t\t\t\t\t\t\t\t\t\t\t\t<figure class=\"wp-caption\">\n\t\t\t\t\t\t\t\t\t\t<img decoding=\"async\" width=\"950\" height=\"702\" src=\"https:\/\/3dtranslation.com\/wp-content\/uploads\/2024\/08\/conn3-1024x757.png\" class=\"attachment-large size-large wp-image-3755\" alt=\"\" srcset=\"https:\/\/3dtranslation.com\/wp-content\/uploads\/2024\/08\/conn3-1024x757.png 1024w, https:\/\/3dtranslation.com\/wp-content\/uploads\/2024\/08\/conn3-300x222.png 300w, https:\/\/3dtranslation.com\/wp-content\/uploads\/2024\/08\/conn3.png 1150w\" sizes=\"100vw\" \/>\t\t\t\t\t\t\t\t\t\t\t<figcaption class=\"widget-image-caption wp-caption-text\">Segmentaci\u00f3n de la materia gris<\/figcaption>\n\t\t\t\t\t\t\t\t\t\t<\/figure>\n\t\t\t\t\t\t\t\t\t<\/div>\n\t\t\t\t<\/div>\n\t\t\t\t<div class=\"elementor-element elementor-element-70bfbff elementor-widget elementor-widget-image\" data-id=\"70bfbff\" data-element_type=\"widget\" data-e-type=\"widget\" data-widget_type=\"image.default\">\n\t\t\t\t<div class=\"elementor-widget-container\">\n\t\t\t\t\t\t\t\t\t\t\t\t<figure class=\"wp-caption\">\n\t\t\t\t\t\t\t\t\t\t<img loading=\"lazy\" decoding=\"async\" width=\"950\" height=\"702\" src=\"https:\/\/3dtranslation.com\/wp-content\/uploads\/2024\/08\/conn4-1024x757.png\" class=\"attachment-large size-large wp-image-3756\" alt=\"\" srcset=\"https:\/\/3dtranslation.com\/wp-content\/uploads\/2024\/08\/conn4-1024x757.png 1024w, https:\/\/3dtranslation.com\/wp-content\/uploads\/2024\/08\/conn4-300x222.png 300w, https:\/\/3dtranslation.com\/wp-content\/uploads\/2024\/08\/conn4.png 1150w\" sizes=\"100vw\" \/>\t\t\t\t\t\t\t\t\t\t\t<figcaption class=\"widget-image-caption wp-caption-text\">Segmentaci\u00f3n de la materia blanca<\/figcaption>\n\t\t\t\t\t\t\t\t\t\t<\/figure>\n\t\t\t\t\t\t\t\t\t<\/div>\n\t\t\t\t<\/div>\n\t\t\t\t\t<\/div>\n\t\t\t\t<\/div>\n\t\t<div class=\"elementor-element elementor-element-db68709 e-grid e-con-boxed e-con e-parent\" data-id=\"db68709\" data-element_type=\"container\" data-e-type=\"container\">\n\t\t\t\t\t<div class=\"e-con-inner\">\n\t\t\t\t<div class=\"elementor-element elementor-element-9ab153f elementor-widget elementor-widget-image\" data-id=\"9ab153f\" data-element_type=\"widget\" data-e-type=\"widget\" data-widget_type=\"image.default\">\n\t\t\t\t<div class=\"elementor-widget-container\">\n\t\t\t\t\t\t\t\t\t\t\t\t\t\t\t\t<a href=\"https:\/\/surfer.nmr.mgh.harvard.edu\/\">\n\t\t\t\t\t\t\t<img loading=\"lazy\" decoding=\"async\" width=\"1458\" height=\"818\" src=\"https:\/\/3dtranslation.com\/wp-content\/uploads\/2023\/08\/Freesurfer-e1693098694727.png\" class=\"attachment-full size-full wp-image-1419\" alt=\"\" srcset=\"https:\/\/3dtranslation.com\/wp-content\/uploads\/2023\/08\/Freesurfer-e1693098694727.png 1458w, https:\/\/3dtranslation.com\/wp-content\/uploads\/2023\/08\/Freesurfer-e1693098694727-300x168.png 300w, https:\/\/3dtranslation.com\/wp-content\/uploads\/2023\/08\/Freesurfer-e1693098694727-1024x575.png 1024w, https:\/\/3dtranslation.com\/wp-content\/uploads\/2023\/08\/Freesurfer-e1693098694727-768x431.png 768w, https:\/\/3dtranslation.com\/wp-content\/uploads\/2023\/08\/Freesurfer-e1693098694727-600x337.png 600w, https:\/\/3dtranslation.com\/wp-content\/uploads\/2023\/08\/Freesurfer-e1693098694727-1200x673.png 1200w\" sizes=\"100vw\" \/>\t\t\t\t\t\t\t\t<\/a>\n\t\t\t\t\t\t\t\t\t\t\t\t\t\t\t<\/div>\n\t\t\t\t<\/div>\n\t\t\t\t<div class=\"elementor-element elementor-element-5bc9492 elementor-widget elementor-widget-image\" data-id=\"5bc9492\" data-element_type=\"widget\" data-e-type=\"widget\" data-widget_type=\"image.default\">\n\t\t\t\t<div class=\"elementor-widget-container\">\n\t\t\t\t\t\t\t\t\t\t\t\t\t\t\t\t<a href=\"https:\/\/www.slicer.org\/\">\n\t\t\t\t\t\t\t<img loading=\"lazy\" decoding=\"async\" width=\"321\" height=\"180\" src=\"https:\/\/3dtranslation.com\/wp-content\/uploads\/2023\/08\/3D-Slicer2-e1693098943905.jpg\" class=\"attachment-full size-full wp-image-1425\" alt=\"\" srcset=\"https:\/\/3dtranslation.com\/wp-content\/uploads\/2023\/08\/3D-Slicer2-e1693098943905.jpg 321w, https:\/\/3dtranslation.com\/wp-content\/uploads\/2023\/08\/3D-Slicer2-e1693098943905-300x168.jpg 300w\" sizes=\"100vw\" \/>\t\t\t\t\t\t\t\t<\/a>\n\t\t\t\t\t\t\t\t\t\t\t\t\t\t\t<\/div>\n\t\t\t\t<\/div>\n\t\t\t\t<div class=\"elementor-element elementor-element-789aa08 elementor-widget elementor-widget-image\" data-id=\"789aa08\" data-element_type=\"widget\" data-e-type=\"widget\" data-widget_type=\"image.default\">\n\t\t\t\t<div class=\"elementor-widget-container\">\n\t\t\t\t\t\t\t\t\t\t\t\t\t\t\t\t<a href=\"https:\/\/meshmixer.com\/\">\n\t\t\t\t\t\t\t<img loading=\"lazy\" decoding=\"async\" width=\"750\" height=\"313\" src=\"https:\/\/3dtranslation.com\/wp-content\/uploads\/2023\/08\/Meshmixer.png\" class=\"attachment-large size-large wp-image-1426\" alt=\"\" srcset=\"https:\/\/3dtranslation.com\/wp-content\/uploads\/2023\/08\/Meshmixer.png 750w, https:\/\/3dtranslation.com\/wp-content\/uploads\/2023\/08\/Meshmixer-300x125.png 300w, https:\/\/3dtranslation.com\/wp-content\/uploads\/2023\/08\/Meshmixer-600x250.png 600w\" sizes=\"100vw\" \/>\t\t\t\t\t\t\t\t<\/a>\n\t\t\t\t\t\t\t\t\t\t\t\t\t\t\t<\/div>\n\t\t\t\t<\/div>\n\t\t\t\t\t<\/div>\n\t\t\t\t<\/div>\n\t\t<div class=\"elementor-element elementor-element-8574a31 e-grid e-con-boxed e-con e-parent\" data-id=\"8574a31\" data-element_type=\"container\" data-e-type=\"container\">\n\t\t\t\t\t<div class=\"e-con-inner\">\n\t\t\t\t<div class=\"elementor-element elementor-element-09ec277 elementor-widget elementor-widget-image\" data-id=\"09ec277\" data-element_type=\"widget\" data-e-type=\"widget\" data-widget_type=\"image.default\">\n\t\t\t\t<div class=\"elementor-widget-container\">\n\t\t\t\t\t\t\t\t\t\t\t\t\t\t\t\t<a href=\"https:\/\/web.conn-toolbox.org\/\">\n\t\t\t\t\t\t\t<img loading=\"lazy\" decoding=\"async\" width=\"150\" height=\"150\" src=\"https:\/\/3dtranslation.com\/wp-content\/uploads\/2024\/08\/Conn_logo-150x150.jpeg\" class=\"attachment-thumbnail size-thumbnail wp-image-3744\" alt=\"\" sizes=\"100vw\" \/>\t\t\t\t\t\t\t\t<\/a>\n\t\t\t\t\t\t\t\t\t\t\t\t\t\t\t<\/div>\n\t\t\t\t<\/div>\n\t\t\t\t<div class=\"elementor-element elementor-element-d4fc6ea elementor-widget elementor-widget-image\" data-id=\"d4fc6ea\" data-element_type=\"widget\" data-e-type=\"widget\" data-widget_type=\"image.default\">\n\t\t\t\t<div class=\"elementor-widget-container\">\n\t\t\t\t\t\t\t\t\t\t\t\t\t\t\t\t<a href=\"https:\/\/la.mathworks.com\/products\/matlab.html\">\n\t\t\t\t\t\t\t<img loading=\"lazy\" decoding=\"async\" width=\"568\" height=\"320\" src=\"https:\/\/3dtranslation.com\/wp-content\/uploads\/2024\/08\/MATLAB-logo_Phone.png\" class=\"attachment-full size-full wp-image-3746\" alt=\"\" srcset=\"https:\/\/3dtranslation.com\/wp-content\/uploads\/2024\/08\/MATLAB-logo_Phone.png 568w, https:\/\/3dtranslation.com\/wp-content\/uploads\/2024\/08\/MATLAB-logo_Phone-300x169.png 300w\" sizes=\"100vw\" \/>\t\t\t\t\t\t\t\t<\/a>\n\t\t\t\t\t\t\t\t\t\t\t\t\t\t\t<\/div>\n\t\t\t\t<\/div>\n\t\t\t\t<div class=\"elementor-element elementor-element-05ed387 elementor-widget elementor-widget-image\" data-id=\"05ed387\" data-element_type=\"widget\" data-e-type=\"widget\" data-widget_type=\"image.default\">\n\t\t\t\t<div class=\"elementor-widget-container\">\n\t\t\t\t\t\t\t\t\t\t\t\t\t\t\t\t<a href=\"https:\/\/ftp.nmr.mgh.harvard.edu\/pub\/dist\/freesurfer\/tutorial_packages\/OSX\/fsl_501\/doc\/index.html\">\n\t\t\t\t\t\t\t<img loading=\"lazy\" decoding=\"async\" width=\"215\" height=\"160\" src=\"https:\/\/3dtranslation.com\/wp-content\/uploads\/2024\/08\/fsl-logo-x2.png\" class=\"attachment-large size-large wp-image-3745\" alt=\"\" sizes=\"100vw\" \/>\t\t\t\t\t\t\t\t<\/a>\n\t\t\t\t\t\t\t\t\t\t\t\t\t\t\t<\/div>\n\t\t\t\t<\/div>\n\t\t\t\t\t<\/div>\n\t\t\t\t<\/div>\n\t\t\t\t<\/div>\n\t\t","protected":false},"excerpt":{"rendered":"<p>En 3D Translation SL contamos con expertos en posprocesamiento de imagen m\u00e9dica mediante software especializado y trabajamos con equipos de investigaci\u00f3n de alto nivel. Ofrecemos servicios de cuantificaci\u00f3n densitom\u00e9trica en tomograf\u00eda computarizada, de intensidad de se\u00f1al en resonancia magn\u00e9tica (relaxometr\u00eda, cuantificaci\u00f3n grasa y f\u00e9rrica, etc.), segmentaci\u00f3n anat\u00f3mica y volumetr\u00eda, y an\u00e1lisis de neuroimagen con FreeSurfer, &hellip; <\/p>\n<p class=\"link-more\"><a href=\"https:\/\/3dtranslation.com\/index.php\/postprocesado-avanzado\/\" class=\"more-link\">Leer m\u00e1s<span class=\"screen-reader-text\"> \u00abProcesamiento avanzado de imagen\u00bb<\/span><\/a><\/p>\n","protected":false},"author":1,"featured_media":0,"parent":0,"menu_order":0,"comment_status":"closed","ping_status":"closed","template":"","meta":{"footnotes":""},"class_list":["post-138","page","type-page","status-publish","hentry"],"_links":{"self":[{"href":"https:\/\/3dtranslation.com\/index.php\/wp-json\/wp\/v2\/pages\/138","targetHints":{"allow":["GET"]}}],"collection":[{"href":"https:\/\/3dtranslation.com\/index.php\/wp-json\/wp\/v2\/pages"}],"about":[{"href":"https:\/\/3dtranslation.com\/index.php\/wp-json\/wp\/v2\/types\/page"}],"author":[{"embeddable":true,"href":"https:\/\/3dtranslation.com\/index.php\/wp-json\/wp\/v2\/users\/1"}],"replies":[{"embeddable":true,"href":"https:\/\/3dtranslation.com\/index.php\/wp-json\/wp\/v2\/comments?post=138"}],"version-history":[{"count":23,"href":"https:\/\/3dtranslation.com\/index.php\/wp-json\/wp\/v2\/pages\/138\/revisions"}],"predecessor-version":[{"id":3762,"href":"https:\/\/3dtranslation.com\/index.php\/wp-json\/wp\/v2\/pages\/138\/revisions\/3762"}],"wp:attachment":[{"href":"https:\/\/3dtranslation.com\/index.php\/wp-json\/wp\/v2\/media?parent=138"}],"curies":[{"name":"wp","href":"https:\/\/api.w.org\/{rel}","templated":true}]}}