{"id":3638,"date":"2024-07-16T09:40:40","date_gmt":"2024-07-16T07:40:40","guid":{"rendered":"https:\/\/3dtranslation.com\/?page_id=3638"},"modified":"2024-07-16T09:58:44","modified_gmt":"2024-07-16T07:58:44","slug":"elementor-3638","status":"publish","type":"page","link":"https:\/\/3dtranslation.com\/index.php\/elementor-3638\/","title":{"rendered":"Jos\u00e9 Pablo Mart\u00ednez Barbero"},"content":{"rendered":"\t\t<div data-elementor-type=\"wp-page\" data-elementor-id=\"3638\" class=\"elementor elementor-3638\">\n\t\t\t\t<div class=\"elementor-element elementor-element-bbe6e22 e-flex e-con-boxed e-con e-parent\" data-id=\"bbe6e22\" data-element_type=\"container\" data-e-type=\"container\">\n\t\t\t\t\t<div class=\"e-con-inner\">\n\t\t<div class=\"elementor-element elementor-element-d45272f e-con-full e-flex e-con e-child\" data-id=\"d45272f\" data-element_type=\"container\" data-e-type=\"container\">\n\t\t\t\t<div class=\"elementor-element elementor-element-0cdc8b2 elementor-widget elementor-widget-text-editor\" data-id=\"0cdc8b2\" data-element_type=\"widget\" data-e-type=\"widget\" data-widget_type=\"text-editor.default\">\n\t\t\t\t<div class=\"elementor-widget-container\">\n\t\t\t\t\t\t\t\t\t<h1 style=\"text-align: center;\">\u00a0<\/h1><h1 style=\"text-align: center;\"><span style=\"color: #000080;\">Curriculum Vitae <br \/><\/span><\/h1>\t\t\t\t\t\t\t\t<\/div>\n\t\t\t\t<\/div>\n\t\t\t\t<\/div>\n\t\t<div class=\"elementor-element elementor-element-ac4acfa e-con-full e-flex e-con e-child\" data-id=\"ac4acfa\" data-element_type=\"container\" data-e-type=\"container\">\n\t\t\t\t<div class=\"elementor-element elementor-element-39e1765 elementor-widget elementor-widget-image\" data-id=\"39e1765\" data-element_type=\"widget\" data-e-type=\"widget\" data-widget_type=\"image.default\">\n\t\t\t\t<div class=\"elementor-widget-container\">\n\t\t\t\t\t\t\t\t\t\t\t\t\t\t\t<img fetchpriority=\"high\" decoding=\"async\" width=\"229\" height=\"229\" src=\"https:\/\/3dtranslation.com\/wp-content\/uploads\/2024\/06\/josePablo.png\" class=\"attachment-large size-large wp-image-3615\" alt=\"\" srcset=\"https:\/\/3dtranslation.com\/wp-content\/uploads\/2024\/06\/josePablo.png 229w, https:\/\/3dtranslation.com\/wp-content\/uploads\/2024\/06\/josePablo-150x150.png 150w\" sizes=\"100vw\" \/>\t\t\t\t\t\t\t\t\t\t\t\t\t\t\t<\/div>\n\t\t\t\t<\/div>\n\t\t\t\t<\/div>\n\t\t\t\t\t<\/div>\n\t\t\t\t<\/div>\n\t\t<div class=\"elementor-element elementor-element-9b1d8c6 e-flex e-con-boxed e-con e-parent\" data-id=\"9b1d8c6\" data-element_type=\"container\" data-e-type=\"container\">\n\t\t\t\t\t<div class=\"e-con-inner\">\n\t\t\t\t<div class=\"elementor-element elementor-element-30c4ea7 elementor-widget elementor-widget-text-editor\" data-id=\"30c4ea7\" data-element_type=\"widget\" data-e-type=\"widget\" data-widget_type=\"text-editor.default\">\n\t\t\t\t<div class=\"elementor-widget-container\">\n\t\t\t\t\t\t\t\t\t<h2>\u00a0 Situaci\u00f3n profesional actual<\/h2>\n<ul>\n<li>Puesto M\u00e9dico Radi\u00f3logo<br \/>Fecha inicio 2018<br \/>Organismo \/ Instituci\u00f3n Servicio Andaluz de Salud<br \/>Departamento \/ Centro Radiodiagn\u00f3stico \/ Hospital Virgen de las Nieves<br \/>\n<h2>Situaci\u00f3n profesional anterior<\/h2>\nPeriodo Puesto \/ Instituci\u00f3n \/ Pa\u00eds<br \/>2011 &#8211; 2018 M\u00e9dico Radi\u00f3logo \/ SERCOSA<br \/>A.3. Formaci\u00f3n acad\u00e9mica<br \/>Grado\/Master\/Tesis Universidad \/ Pa\u00eds A\u00f1o<br \/>Programa Oficial de Doctorado en<br \/>Radiolog\u00eda y Medicina F\u00edsica. Oftalmolog\u00eda y<br \/>Otorrinolaringolog\u00eda<br \/>Universidad de M\u00e1laga 2017<br \/>Licenciado en Medicina y Cirug\u00eda Universidad de Granada 2006<br \/>M\u00e1ster en Avances en Radiolog\u00eda y<br \/>Medicina F\u00edsica\n<h2>M\u00c9RITOS M\u00c1S RELEVANTES<\/h2>\nC.1. Publicaciones<br \/>AC: Autor de correspondencia; (n\u00ba x \/ n\u00ba y): posici\u00f3n firma solicitante \/ total autores. Si aplica,<br \/>indique el n\u00famero de citaciones<br \/>1 Art\u00edculo cient\u00edfico. J P Mart\u00ednez-Barbero; A J L\u00e1inez-Ramos Bossini; F<br \/>Sendra-Portero. 2022. Are secondary descriptors of headache useful in neuroimaging<br \/>examinations? Results of a multicenter retrospective study of 1041 brain MRI<br \/>studies. Revista de Neurolog\u00eda. Vigueras. 74-7, pp.228-231.<br \/>2 Art\u00edculo cient\u00edfico. Mart\u00ednez Barbero JP; L\u00e1inez Ramos-Bossini AJ; Rivera-Izquierdo M;<br \/>Sendra-Portero F; Ben\u00edtez-S\u00e1nchez JM; Cervilla JA. 2022. Prevalence and Risk Factors<br \/>Associated with Tumors and Other Structural Anomalies in Brain MRI Performed to Rule<br \/>out Secondary Headache: A Multicenter Observational Study. Int J Environ Res Public<br \/>Health. MDPI. 16-19, pp.3521-3535.<br \/>3 Art\u00edculo cient\u00edfico. P\u00e9rez Garc\u00eda MC; L\u00e1inez Ramos-Bossini AJ; Mart\u00ednez<br \/>Barbero JP. 2021. Abnormal growth of Virchow-Robin spaces secondary to<br \/>radiotherapy.Neurologia. 36, pp.725-728. https:\/\/doi.org\/10.1016\/j.nrleng.2020.12.003<br \/>4 Art\u00edculo cient\u00edfico. Jos\u00e9 Pablo Mart\u00ednez Barbero; Pablo Tom\u00e1s Mu\u00f1oz; Rosa<br \/>Mart\u00ednez Moreno. 2020. Relevance of neuroimaging in publications on COVID-19<br \/>and stroke,Relevancia de la neuroimagen en las publicaciones sobre COVID-19 e<br \/>ictus. Neurologia. Elsevier. 35, pp.709-710.<br \/>5 Art\u00edculo cient\u00edfico. Jos\u00e9 Pablo Mart\u00ednez Barbero; Rosa Mac\u00edas -Ru\u00edz. 2020. Impact<br \/>of COVID-19 on the volume of emergency CT studies in a neuro-trauma reference<br \/>center. Open Journal of Radiology and Medical Imaging. RAFT. October 2020, pp.38-45.<br \/>6 Art\u00edculo cient\u00edfico. Miguel \u00c1ngel P\u00e9rez Rosillo; Jos\u00e9 Pablo Mart\u00ednez Barbero; Mar\u00eda<br \/>G\u00f3mez Huertas. 2019. The utility of magnetic resonance imaging of the head<br \/>for the diagnosis of myotonic dystrophy type 1. Revista de Neurolog\u00eda. Viguera<br \/>Editores. 68-3, pp.123-124.<br \/>7 Art\u00edculo cient\u00edfico. Mar\u00eda G\u00f3mez Huertas; (2\/4) Jos\u00e9 Pablo Mart\u00ednez Barbero (AC); Miguel<br \/>\u00c1ngel P\u00e9rez Rosillo;. 2019. Usefulness of brain magnetic resonance in the diagnosis<br \/>of cerebrotendinous xanthomatosis. Medicina Cl\u00ednica. Elsevier. 152-1, pp.41. ISSN<br \/>0025-7753. https:\/\/doi.org\/10.1016\/j.medcli.2017.12.022<br \/>8 Art\u00edculo cient\u00edfico. Natalia Bueso Izquierdo; Juan Verdejo Rom\u00e1n; Jos\u00e9 Pablo Mart\u00ednez<br \/>Barbero; Miguel \u00c1ngel P\u00e9rez Rosillo; Miguel P\u00e9rez Garc\u00eda; Natalia Hidalgo Ruzzante;<br \/>Stephen D Hart. 2018. Prevalence and Nature of Structural Brain Abnormalities in<br \/>Batterers: A Magnetic Resonance Imaging Study. International Journal of Forensic Mental<br \/>Health. Taylor and Francis.<br \/>9 Art\u00edculo cient\u00edfico. Jose E Mu\u00f1oz Negro; Juan F Mula Mula; Josefa M Lopez Perez;<br \/>Jose Pablo Mart\u00ednez Barbero; Jorge A Cervilla. 2018. The Philosophical Foundations<br \/>of Psychiatry in the Ancient Greece. Open Journal of Philosophy. Scientific Research<br \/>Publishing. 8, pp.277-293. ISSN 2163-9442. https:\/\/doi.org\/DOI: 10.4236\/ojpp.2018.83020<br \/>10 Art\u00edculo cient\u00edfico. Jos\u00e9 Eduardo Mu\u00f1oz Negro; (2\/6) Jos\u00e9 Pablo Mart\u00ednez<br \/>Barbero; Felicity Smith; Brooke Leonard; Jaime Padilla Mart\u00ednez; Inmaculada Ib\u00e1\u00f1ez<br \/>Casas. 2018. The controversial relationship between neuroscience and moral responsibility<br \/>in psychopaths. Egyptian Journal of Forensic Sciences. Springer-Verlag. 8-40. ISSN<br \/>2090-5939. https:\/\/doi.org\/10.1186\/s41935-018-0071-9<br \/>11 Art\u00edculo cient\u00edfico. Jos\u00e9 Pablo Mart\u00ednez Barbero. 2018. Value of VR-CT in the evaluation<br \/>of laryngoceles and tracheal diverticulum. Medical and Clinical Archives. OAT. 2-1, pp.1-2.<br \/>12 Art\u00edculo cient\u00edfico. Munoz-Negro JE; Martinez-Barbero JP. 2017. Can consciousness<br \/>be explained? On the mind-brain relationship.Revista de Neurolog\u00eda. Viguera<br \/>Editores. 64-5, pp.238-238.<br \/>13 Art\u00edculo cient\u00edfico. Mart\u00edn Noguerol T; (2\/2) Mart\u00ednez Barbero<br \/>JP. 2017. Advanced diffusion MRI and biomarkers in the central nervous<br \/>system: a new approach.Radiolog\u00eda. Elsevier. 59-4, pp.273-285. ISSN<br \/>0033-8338. https:\/\/doi.org\/http:\/\/dx.doi.org\/10.1016\/j.rx.2017.04.009<br \/>14 Art\u00edculo cient\u00edfico. Jos\u00e9 Pablo Mart\u00ednez Barbero. 2017. Bilateral fat herniation<br \/>of the lateral orbital wall in a patient with Down Syndrome. New Frontiers in<br \/>Ophthalmology. OAT. 3-4, pp.1-2.<br \/>15 Art\u00edculo cient\u00edfico. Mart\u00edn Noguerol T; S\u00e1nchez-Gonz\u00e1lez J; (3\/6)<br \/>Mart\u00ednez Barbero JP; Garc\u00eda-Figueiras R; Baleato-Gonz\u00e1lez S; Luna<br \/>A. 2016. Clinical Imaging of Tumor Metabolism with \u00b9H Magnetic Resonance<br \/>Spectroscopy.Magn Reson Imaging Clin N Am. Elsevier. 24, pp.57-86. ISSN<br \/>1064-9689. https:\/\/doi.org\/http:\/\/dx.doi.org\/10.1016\/j.mric.2015.09.002<br \/>16 Art\u00edculo cient\u00edfico. Varon D; Simons M; Chiang F; Tedesqui G; Pacheco G; (6\/7)<br \/>Martinez P; Castillo M. 2014. Brain radiation-related black dots on susceptibility-weighted<br \/>imaging.The Neuroradiology Journal. Centauro. 27, pp.445-451. https:\/\/doi.org\/doi:<br \/>10.15274\/NRJ-2014-10071<br \/>17 Art\u00edculo cient\u00edfico. (1\/4) Mart\u00ednez Barbero JP (AC); Rodr\u00edquez Jim\u00e9nez I; Martin<br \/>Noguerol T; Luna Alcal\u00e1 A. 2013. Utility of MRI diffusion techniques in the<br \/>evaluation of tumors of the head and neck.Cancers. MDPI. pp.875-889. ISSN<br \/>2072-6694. https:\/\/doi.org\/doi:10.3390\/cancers5030875<br \/>18 Art\u00edculo cient\u00edfico. (1\/1) Mart\u00ednez Barbero JP (AC). 2011. Fundamental topics in the<br \/>training of new diagnostic imaging specialists.Radiolog\u00eda. Elsevier. 53-5, pp.485-485. ISSN<br \/>0033-8338. https:\/\/doi.org\/doi:10.1016\/j.rx.2010.12.014<br \/>19 Cap\u00edtulo de libro. Teodoro Mart\u00edn Noguerol; Roc\u00edo S\u00e1nchez S\u00e1nchez; (3\/5) Jos\u00e9<br \/>Pablo Mart\u00ednez Barbero; Antonio Rodr\u00edguez Fern\u00e1ndez; Antonio Luna. 2014. Functional<br \/>Imaging in Clinical Use for the Assessment of Lymph Nodes in Oncological<br \/>Patients. Functional Imaging in Oncology Vol2. Springer. 2, pp.1271-1309. ISBN<br \/>978-3-642-40582-2. https:\/\/doi.org\/DOI 10.1007\/978-3-642-40582-2<br \/>20 Cap\u00edtulo de libro. Antonio Luna; Lidia Alcal\u00e1 Mata; Mariano Volpacchio; (4\/4) Jos\u00e9<br \/>Pablo Mart\u00ednez Barbero. 2014. Pancreatic Adenocarcinoma and Other Pancreatic<br \/>Malignancies. Functional Imaging in Oncology Vol2. Springer. 2, pp.1077-1109. ISBN<br \/>978-3-642-40582-2. https:\/\/doi.org\/DOI 10.1007\/978-3-642-40582-2<br \/>21 Cap\u00edtulo de libro. (1\/2) Inmaculada Rodr\u00edguez Jim\u00e9nez (AC); Jos\u00e9 Pablo Mart\u00ednez<br \/>Barbero. 2012. RM difusi\u00f3n en la evaluaci\u00f3n de las lesiones en cabeza y cuello. Bases,<br \/>conceptos t\u00e9cnicos y aplicaciones cl\u00ednicas de la RM difusi\u00f3n. L&amp;C Dise\u00f1o. pp.47-56. ISBN<br \/>978-84-941730-1-1.<br \/>22 Cap\u00edtulo de libro. Jos\u00e9 Mar\u00eda L\u00f3pez Ru\u00edz; Maria Angustias Muros Fuentes; Alicia<br \/>Santiago Chinchilla; Hector Palacios Gerona; Maria del Mar Navarro-Pelayo La\u00ednez; (6\/6)<br \/>Jos\u00e9 Pablo Mart\u00ednez Barbero. 2009. RADIOEMBOLIZACI\u00d3N DE NEOPLASIA HEP\u00c1TICA<br \/>CON MICROESFERAS DE RADIACI\u00d3N INTERNA SELECTIVA. MANUAL DE MEDICINA<br \/>NUCLEAR PARA RESIDENTES. SIMED. pp.355-357. ISBN 978-84-691-3849-6.<br \/>23 Mart\u00ednez Barbero JP; L\u00e1inez Ramos-Bossini AJ; Rivera-Izquierdo M; Sendra-Portero<br \/>F; Ben\u00edtez-S\u00e1nchez JM; Cervilla JA. 2022. Prevalence and Risk Factors Associated<br \/>with Tumors and Other Structural Anomalies in Brain MRI Performed to<br \/>Rule out Secondary Headache: A Multicenter Observational Study.International<br \/>journal of environmental research and public health. 19. ISSN 1661-7827. Otros<br \/>(45) https:\/\/doi.org\/10.3390\/ijerph19063521<br \/>24 Ruiz Santiago F; L\u00e1inez Ramos-Bossini AJ; W\u00e1ng YXJ; Mart\u00ednez Barbero JP;<br \/>Garc\u00eda Espinosa J; Mart\u00ednez Mart\u00ednez A. 2022. The value of magnetic resonance<br \/>imaging and computed tomography in the study of spinal disorders.Quantitative<br \/>imaging in medicine and surgery. 12, pp.3947-3986. ISSN 2223-4292. Otros<br \/>(184) https:\/\/doi.org\/10.21037\/qims-2022-04<br \/>25 Mart\u00ednez-Barbero JP; L\u00e1inez-Ramos Bossini AJ; Sendra-Portero F. 2022. [Are secondary<br \/>descriptors of headache useful in neuroimaging examinations? Results of a multicenter<br \/>retrospective study of 1041 brain MRI studies].Revista de neurologia. 74, pp.228-231. ISSN<br \/>0210-0010. https:\/\/doi.org\/10.33588\/rn.7407.2021521<br \/>26 Mart\u00ednez-Barbero JP; L\u00e1inez-Ramos-Bossini AJ. 2021. [Recurrent Bing-Neel<br \/>syndrome with mixed intracranial involvement. A diagnostic challenge].Revista de<br \/>neurologia. 73, pp.401-402. ISSN 0210-0010. https:\/\/doi.org\/10.33588\/rn.7311.2021380<br \/>27 Mart\u00ednez-Barbero JP; Tom\u00e1s-Mu\u00f1oz P; Mart\u00ednez-Moreno R. 2020. Relevance of<br \/>neuroimaging in publications on COVID-19 and stroke.Neurologia. 35, pp.709-710. Otros<br \/>(9) https:\/\/doi.org\/10.1016\/j.nrl.2020.07.002<br \/>28 Perez-Rosillo MA; Martinez-Barbero JP; Gomez-Huertas M. 2019. [The utility of magnetic<br \/>resonance imaging of the head for the diagnosis of myotonic dystrophy type 1].Revista de<br \/>neurologia. 68, pp.123-124. ISSN 0210-0010.<br \/>29 G\u00f3mez-Huertas M; Mart\u00ednez-Barbero JP; P\u00e9rez-Rosillo M\u00c1. 2018. Usefulness of brain<br \/>magnetic resonance in the diagnosis of cerebrotendinous xanthomatosis.Medicina<br \/>clinica. 152, pp.41. ISSN 0025-7753. https:\/\/doi.org\/10.1016\/j.medcli.2017.12.022<br \/>30 Mart\u00edn Noguerol T; Mart\u00ednez Barbero JP. 2017. Advanced diffusion MRI and biomarkers<br \/>in the central nervous system: a new approach.Radiologia. 59, pp.273-285. ISSN<br \/>0033-8338. https:\/\/doi.org\/10.1016\/j.rx.2017.04.009<br \/>31 Munoz-Negro JE; Martinez-Barbero JP. 2017. [Can consciousness be explained? On the<br \/>mind-brain relationship].Revista de neurologia. 64, pp.238. ISSN 0210-0010.<br \/>32 Mart\u00edn Noguerol T; S\u00e1nchez-Gonz\u00e1lez J; Mart\u00ednez Barbero JP; Garc\u00eda-Figueiras R;<br \/>Baleato-Gonz\u00e1lez S; Luna A. 2015. Clinical Imaging of Tumor Metabolism with<br \/>\u00b9H Magnetic Resonance Spectroscopy.Magnetic resonance imaging clinics of North<br \/>America. 24, pp.57-86. ISSN 1064-9689. https:\/\/doi.org\/10.1016\/j.mric.2015.09.002<br \/>33 Mart\u00ednez Barbero JP; Rodr\u00edquez Jim\u00e9nez I; Martin Noguerol T; Luna Alcal\u00e1<br \/>A. 2013. Utility of MRI diffusion techniques in the evaluation of tumors<br \/>of the head and neck.Cancers. 5, pp.875-89. ISSN 2072-6694. Otros<br \/>(42) https:\/\/doi.org\/10.3390\/cancers5030875<br \/>34 Mart\u00ednez Barbero JP. 2011. [Fundamental topics in the training<br \/>of new diagnostic imaging specialists].Radiologia. 53, pp.485. ISSN<br \/>0033-8338. https:\/\/doi.org\/10.1016\/j.rx.2010.12.014\n<h2>Proyectos y Contratos<\/h2>\n1 Proyecto. Valor diagn\u00f3stico de biomarcadores s\u00e9ricos de da\u00f1o cerebral en epilepsia y<br \/>crisis disociativas NEU-0008-2022. Martinez Barbero CO-IP. (NEURO-RECA). 01\/10\/2023-<br \/>01\/10\/2024. 22.000 \u20ac.<br \/>2 Proyecto. \u201cProcesamiento profundo de series temporales: Diagno\u0301stico de tumores<br \/>en el sistema nervioso central a partir de estudios de perfusio\u0301n de Imagen por<br \/>Resonancia Magne\u0301tica\u201d. Ministerio de Ciencia e Innovaci\u00f3n. Investigaci\u00f3n. (Universidad de<br \/>Granada). 01\/09\/2021-31\/08\/2024.<br \/>3 Proyecto. Active gains in brain using exercise during aging. Ministerio de Ciencia e<br \/>Innovaci\u00f3n. (Universidad de Granada). 15\/11\/2019-15\/11\/2022. 210.000 \u20ac.<br \/>4 Proyecto. \u00abB\u00fasqueda de marcadores precoces del neurodesarrollo en hijos de<br \/>madres con diabetes gestacional\u00bb. Jos\u00e9 Pablo Mart\u00ednez Barbero. (Universidad de<br \/>Granada). 01\/01\/2018-31\/12\/2020.<br \/>5 Proyecto. \u00abUnderstanding the dynamics determinants of glucose homeostasis and social<br \/>capability to promote healthy and active aging\u00bb. (Universidad de Granada). 01\/04\/2017-<br \/>01\/04\/2019<\/li>\n<\/ul>\t\t\t\t\t\t\t\t<\/div>\n\t\t\t\t<\/div>\n\t\t\t\t\t<\/div>\n\t\t\t\t<\/div>\n\t\t\t\t<\/div>\n\t\t","protected":false},"excerpt":{"rendered":"<p>\u00a0 Curriculum Vitae \u00a0 Situaci\u00f3n profesional actual Puesto M\u00e9dico Radi\u00f3logoFecha inicio 2018Organismo \/ Instituci\u00f3n Servicio Andaluz de SaludDepartamento \/ Centro Radiodiagn\u00f3stico \/ Hospital Virgen de las Nieves Situaci\u00f3n profesional anterior Periodo Puesto \/ Instituci\u00f3n \/ Pa\u00eds2011 &#8211; 2018 M\u00e9dico Radi\u00f3logo \/ SERCOSAA.3. Formaci\u00f3n acad\u00e9micaGrado\/Master\/Tesis Universidad \/ Pa\u00eds A\u00f1oPrograma Oficial de Doctorado enRadiolog\u00eda y Medicina F\u00edsica. &hellip; <\/p>\n<p class=\"link-more\"><a href=\"https:\/\/3dtranslation.com\/index.php\/elementor-3638\/\" class=\"more-link\">Leer m\u00e1s<span class=\"screen-reader-text\"> \u00abJos\u00e9 Pablo Mart\u00ednez Barbero\u00bb<\/span><\/a><\/p>\n","protected":false},"author":1,"featured_media":0,"parent":0,"menu_order":0,"comment_status":"closed","ping_status":"closed","template":"","meta":{"footnotes":""},"class_list":["post-3638","page","type-page","status-publish","hentry"],"_links":{"self":[{"href":"https:\/\/3dtranslation.com\/index.php\/wp-json\/wp\/v2\/pages\/3638","targetHints":{"allow":["GET"]}}],"collection":[{"href":"https:\/\/3dtranslation.com\/index.php\/wp-json\/wp\/v2\/pages"}],"about":[{"href":"https:\/\/3dtranslation.com\/index.php\/wp-json\/wp\/v2\/types\/page"}],"author":[{"embeddable":true,"href":"https:\/\/3dtranslation.com\/index.php\/wp-json\/wp\/v2\/users\/1"}],"replies":[{"embeddable":true,"href":"https:\/\/3dtranslation.com\/index.php\/wp-json\/wp\/v2\/comments?post=3638"}],"version-history":[{"count":8,"href":"https:\/\/3dtranslation.com\/index.php\/wp-json\/wp\/v2\/pages\/3638\/revisions"}],"predecessor-version":[{"id":3654,"href":"https:\/\/3dtranslation.com\/index.php\/wp-json\/wp\/v2\/pages\/3638\/revisions\/3654"}],"wp:attachment":[{"href":"https:\/\/3dtranslation.com\/index.php\/wp-json\/wp\/v2\/media?parent=3638"}],"curies":[{"name":"wp","href":"https:\/\/api.w.org\/{rel}","templated":true}]}}