{"id":3711,"date":"2024-08-28T09:09:22","date_gmt":"2024-08-28T07:09:22","guid":{"rendered":"https:\/\/3dtranslation.com\/?page_id=3711"},"modified":"2024-08-28T11:49:48","modified_gmt":"2024-08-28T09:49:48","slug":"paula","status":"publish","type":"page","link":"https:\/\/3dtranslation.com\/index.php\/paula\/","title":{"rendered":"Paula"},"content":{"rendered":"\t\t<div data-elementor-type=\"wp-page\" data-elementor-id=\"3711\" class=\"elementor elementor-3711\">\n\t\t\t\t<div class=\"elementor-element elementor-element-b30ffde e-flex e-con-boxed e-con e-parent\" data-id=\"b30ffde\" data-element_type=\"container\" data-e-type=\"container\">\n\t\t\t\t\t<div class=\"e-con-inner\">\n\t\t<div class=\"elementor-element elementor-element-4c9d255 e-con-full e-flex e-con e-child\" data-id=\"4c9d255\" data-element_type=\"container\" data-e-type=\"container\">\n\t\t\t\t<div class=\"elementor-element elementor-element-a6b4ffa elementor-widget elementor-widget-text-editor\" data-id=\"a6b4ffa\" data-element_type=\"widget\" data-e-type=\"widget\" data-widget_type=\"text-editor.default\">\n\t\t\t\t<div class=\"elementor-widget-container\">\n\t\t\t\t\t\t\t\t\t<h1 style=\"text-align: center;\">\u00a0<\/h1><h1 style=\"text-align: center;\"><span style=\"color: #000080;\">Curriculum Vitae <br \/><\/span><\/h1>\t\t\t\t\t\t\t\t<\/div>\n\t\t\t\t<\/div>\n\t\t\t\t<\/div>\n\t\t<div class=\"elementor-element elementor-element-6fed45d e-con-full e-flex e-con e-child\" data-id=\"6fed45d\" data-element_type=\"container\" data-e-type=\"container\">\n\t\t\t\t<div class=\"elementor-element elementor-element-f709153 elementor-widget elementor-widget-image\" data-id=\"f709153\" data-element_type=\"widget\" data-e-type=\"widget\" data-widget_type=\"image.default\">\n\t\t\t\t<div class=\"elementor-widget-container\">\n\t\t\t\t\t\t\t\t\t\t\t\t\t\t\t<img fetchpriority=\"high\" decoding=\"async\" width=\"300\" height=\"300\" src=\"https:\/\/3dtranslation.com\/wp-content\/uploads\/2024\/08\/PaulaCirculo-300x300.png\" class=\"attachment-medium size-medium wp-image-3707\" alt=\"\" srcset=\"https:\/\/3dtranslation.com\/wp-content\/uploads\/2024\/08\/PaulaCirculo-300x300.png 300w, https:\/\/3dtranslation.com\/wp-content\/uploads\/2024\/08\/PaulaCirculo-150x150.png 150w, https:\/\/3dtranslation.com\/wp-content\/uploads\/2024\/08\/PaulaCirculo.png 529w\" sizes=\"100vw\" \/>\t\t\t\t\t\t\t\t\t\t\t\t\t\t\t<\/div>\n\t\t\t\t<\/div>\n\t\t\t\t<\/div>\n\t\t\t\t\t<\/div>\n\t\t\t\t<\/div>\n\t\t<div class=\"elementor-element elementor-element-e4c641d e-flex e-con-boxed e-con e-parent\" data-id=\"e4c641d\" data-element_type=\"container\" data-e-type=\"container\">\n\t\t\t\t\t<div class=\"e-con-inner\">\n\t\t\t\t<div class=\"elementor-element elementor-element-b7d94f1 elementor-widget elementor-widget-text-editor\" data-id=\"b7d94f1\" data-element_type=\"widget\" data-e-type=\"widget\" data-widget_type=\"text-editor.default\">\n\t\t\t\t<div class=\"elementor-widget-container\">\n\t\t\t\t\t\t\t\t\t<h2 style=\"text-align: left;\">Resumen libre del curr\u00edculum<\/h2><p>M\u00e9dico colegiada.<br \/>Actualmente soy residente de Anestesiolog\u00eda, Reanimaci\u00f3n y Terap\u00e9utica del Dolor en el H.U. Virgen de las Nieves de Granada. Llevo a cabo labor asistencial en quir\u00f3fano, consultas, salas de hospitalizaci\u00f3n y reanimaci\u00f3n, as\u00ed como guardias.<br \/>He realizado publicaciones en revistas cient\u00edficas, as\u00ed como asistencia a cursos, seminarios, jornadas, congresos, y defensa de p\u00f3sters en congresos.<br \/>He participado en proyectos de innovaci\u00f3n docente en calidad de colaboradora.<br \/>Soy M\u00e1ster Oficial en Neurociencias b\u00e1sicas, aplicadas y Dolor de la Universidad de Granada en el a\u00f1o acad\u00e9mico 2022-2023. He iniciado el doctorado en el curso 2023-2024 en Biomedicina, por la Universidad de Granada<\/p><h2>M\u00e9ritos m\u00e1s relevantes<\/h2><h4>Publicaciones<\/h4><p>1 Art\u00edculo cient\u00edfico. 2024. Eficacia de la radiofrecuencia frente a placebo en el s\u00edndrome facetario lumbar: revisi\u00f3n sistem\u00e1tica y meta-an\u00e1lisis de ensayos cl\u00ednicos aleatorizados.Efficacy of Radiofrequency versus Placebo in Lumbar Facet Syndrome: A Systematic Review and Meta-Analysis of Randomized Controlled Trials. Efficacy of Radiofrequency versus Placebo in Lumbar Facet Syndrome: A Systematic Review and Meta-Analysis of Randomized Controlled Trials.<br \/>2 Art\u00edculo cient\u00edfico. Pablo Redruello-Guerrero; Marta Ruiz-del-Pino; Carmen Jim\u00e9nez-Guti\u00e9rrez; et al; Antonio C\u00e1rdenas-Cruz. 2023. Debilidad pulmonar asociada a COVID-19 (DPAC): revisi\u00f3n sistem\u00e1tica y metaan\u00e1lisis. Debilidad pulmonar asociada a COVID-19 (DPAC): revisi\u00f3n sistem\u00e1tica y metaan\u00e1lisis.Medicina Intensiva. https:\/\/doi.org\/10.1.<br \/>3 Art\u00edculo cient\u00edfico. L\u00e1inez-Ramos Bossini AJ; Redruello-Guerrero P; Mart\u00ednez-Barbero JP; Guti\u00e9rrez-Jim\u00e9nez P; Guti\u00e9rrez-Jim\u00e9nez C; Rivera-Izquierdo M. 2023. Epidemiolog\u00eda, cl\u00ednica y resultados de imagen de rombencefalitis causada por L. monocytogenes. Un estudio observacional.Epidemiolog\u00eda, cl\u00ednica y resultados de imagen de rombencefalitis causada por L. monocytogenes. Un estudio observacional.Rev Neurol. 76 (12)-doi: 10.33588\/rn.761, pp.385-390.<br \/>4 Art\u00edculo cient\u00edfico. Redruello-Guerrero P; Jim\u00e9nez-Guti\u00e9rrez C; L\u00e1inez Ramos-Bossini AJ;<br \/>Jim\u00e9nez-Guti\u00e9rrez PM; ; Ben\u00edtez S\u00e1nchez JM. 2022. Artificial intelligence for the triage of<br \/>COVID-19 patients at the emergency department: a systematic review.Artificial intelligence for the triage of COVID-19 patients at the emergency department: a systematic review.Signa Vitae. 18(6)-doi: 10.22514\/sv.202, pp.17-26.<br \/>5 Art\u00edculo cient\u00edfico. Jim\u00e9nez-Guti\u00e9rrez P. M; De Pablos-Florido V; Cabezas Fern\u00e1ndez F; Gonz\u00e1lez G\u00e1miz F-J. 2022. S\u00edndrome doloroso intenso por cistitis intersticial que mejora tras bloqueo y radiofrecuencia del ganglio impar.S\u00edndrome doloroso intenso por cistitis intersticial que mejora tras bloqueo y radiofrecuencia del ganglio impar.Archivos de medicina universitaria.<br \/>6 Art\u00edculo cient\u00edfico. De Pablos-Florido V; C\u00f3rdoba-Pel\u00e1ez P; Jim\u00e9nez-Guti\u00e9rrez P. M.2021. Dolor persistente como secuela de la COVID-19: una revisi\u00f3n sistem\u00e1tica.Dolor persistente como secuela de la COVID-19: una revisi\u00f3n sistem\u00e1tica.Archivos de medicina<br \/>universitaria. 3(1), pp.80-91.<\/p><p>\u00a0<\/p><h4>Congresos<\/h4><p>1 Manejo anest\u00e9sico de un paciente adulto con Distrofia muscular de Becker sometido a cirug\u00eda ortop\u00e9dica.. XXXVI Congreso SEDAR. SEDAR. 2022.<br \/>2 Bloqueo de cuadrado lumbar como rescate analg\u00e9sico tras nefrectom\u00eda radical.. 66 Reuni\u00f3n Anual AAEAR. AAEAR. 2022. Espa\u00f1a.<br \/>3 Bloqueo y radiofrecuencia de ganglio impar en cistitis intersticial con dolor p\u00e9lvico cr\u00f3nico intenso.. XXXVI Congreso SEDAR.. SEDAR. 2022.<br \/>4 Efecto de la epidural para la implementaci\u00f3n de la gu\u00eda RICA sobre el tiempo de estancia hospitalaria en postoperadas de cirug\u00eda mayor oncoginecol\u00f3gica.. XXXVI Congreso SEDAR.. SEDAR. 2022.<br \/>5 Gestante COVID19 positivo con trombocitopenia o trombocitopenia por COVID19 en gestante. A prop\u00f3sito de un caso cl\u00ednico.. XXXVI Congreso SEDAR. SEDAR. 2022.<br \/>6 Manejo anest\u00e9sico de la Miopat\u00eda del N\u00facleo Central que predispone a susceptibilidad a Hipertermia Maligna. A prop\u00f3sito de un caso. XXXVI Congreso SEDAR. 2022.<br \/>7 Paula Jim\u00e9nez Guti\u00e9rrez. Manejo anest\u00e9sico de la miopat\u00eda del n\u00facleo central que predispone a susceptibilidad a hipertermia maligna. A prop\u00f3sito de un caso. Congreso de la Sociedad Espa\u00f1ola de Anestesiolog\u00eda, Reanimaci\u00f3n y terap\u00e9utica del dolor. SEDAR<br \/>2022.. SEDAR. 2022. Espa\u00f1a.<br \/>8 Papel del anestesi\u00f3logo en la microcirug\u00eda de cabeza y cuello con colgajo libre.. XXXVI Congreso SEDAR.. SEDAR. 2022.<br \/>9 Radiofrecuencia en fascitis plantar en dolor persistente tras m\u00faltiples tratamientos. 66 Reuni\u00f3n Anual AAEAR. AAEAR. 2022. Espa\u00f1a. 10 Reporte de un caso: Bloqueo del cuadrado lumbar para el manejo intra y postoperatorio del\u00a0 dolor en cirug\u00eda de resecci\u00f3n hep\u00e1tica.. XXXVI Congreso SEDAR. 2022.11 S\u00edndrome del cascanueces refractario a tratamiento convencional. A prop\u00f3sito de un caso.. XXI Congreso de la Asociaci\u00f3n Andaluza de Dolor.. 2022.<br \/>12 V\u00eda a\u00e9rea dif\u00edcil en un politraumatizado ventilable a trav\u00e9s una mascarilla lar\u00edngea. Reporte de un caso.. XXXVI Congreso SEDAR. SEDAR. 2022.<br \/>13 \u00bfEs \u00fatil incobotulinum toxins tipo a en dolor neurop\u00e1tico?. Congreso SEMDOR. 2022. Espa\u00f1a.<\/p><p>\u00a0<\/p><h4>Proyectos y contratos<\/h4><p>Proyecto de Innovaci\u00f3n Docente Coordinado \u201cDise\u00f1o e impresi\u00f3n 3D de modelos anat\u00f3micos utilizando t\u00e9cnicas de imagen radiol\u00f3gica e inteligencia artificial para la educaci\u00f3n m\u00e9dica\u201d Universidad de Granada. Desde 2020. 4.998,97 \u20ac.<\/p><p>\u00a0<\/p><h4>Estancias en centros de I+D+i p\u00fablicos o privados<\/h4><p>1 Hospital San Paolo de Mil\u00e1n. Italia. Mil\u00e1n. 2017-2027. 2 meses. Pr\u00e1cticas cl\u00ednicas.<br \/>2 Queens Medical Centre. Reino Unido. Nottingham. 2015-2015. 2 meses. Investigador.<br \/>3 Instituto de Medicina Legal y Ciencias Forenses de Granada.. IML. Espa\u00f1a. Granada. Desde 2020. 8 meses.<\/p>\t\t\t\t\t\t\t\t<\/div>\n\t\t\t\t<\/div>\n\t\t\t\t\t<\/div>\n\t\t\t\t<\/div>\n\t\t\t\t<\/div>\n\t\t","protected":false},"excerpt":{"rendered":"<p>\u00a0 Curriculum Vitae Resumen libre del curr\u00edculum M\u00e9dico colegiada.Actualmente soy residente de Anestesiolog\u00eda, Reanimaci\u00f3n y Terap\u00e9utica del Dolor en el H.U. Virgen de las Nieves de Granada. Llevo a cabo labor asistencial en quir\u00f3fano, consultas, salas de hospitalizaci\u00f3n y reanimaci\u00f3n, as\u00ed como guardias.He realizado publicaciones en revistas cient\u00edficas, as\u00ed como asistencia a cursos, seminarios, jornadas, &hellip; <\/p>\n<p class=\"link-more\"><a href=\"https:\/\/3dtranslation.com\/index.php\/paula\/\" class=\"more-link\">Leer m\u00e1s<span class=\"screen-reader-text\"> \u00abPaula\u00bb<\/span><\/a><\/p>\n","protected":false},"author":1,"featured_media":0,"parent":0,"menu_order":0,"comment_status":"closed","ping_status":"closed","template":"","meta":{"footnotes":""},"class_list":["post-3711","page","type-page","status-publish","hentry"],"_links":{"self":[{"href":"https:\/\/3dtranslation.com\/index.php\/wp-json\/wp\/v2\/pages\/3711","targetHints":{"allow":["GET"]}}],"collection":[{"href":"https:\/\/3dtranslation.com\/index.php\/wp-json\/wp\/v2\/pages"}],"about":[{"href":"https:\/\/3dtranslation.com\/index.php\/wp-json\/wp\/v2\/types\/page"}],"author":[{"embeddable":true,"href":"https:\/\/3dtranslation.com\/index.php\/wp-json\/wp\/v2\/users\/1"}],"replies":[{"embeddable":true,"href":"https:\/\/3dtranslation.com\/index.php\/wp-json\/wp\/v2\/comments?post=3711"}],"version-history":[{"count":10,"href":"https:\/\/3dtranslation.com\/index.php\/wp-json\/wp\/v2\/pages\/3711\/revisions"}],"predecessor-version":[{"id":3730,"href":"https:\/\/3dtranslation.com\/index.php\/wp-json\/wp\/v2\/pages\/3711\/revisions\/3730"}],"wp:attachment":[{"href":"https:\/\/3dtranslation.com\/index.php\/wp-json\/wp\/v2\/media?parent=3711"}],"curies":[{"name":"wp","href":"https:\/\/api.w.org\/{rel}","templated":true}]}}