{"id":3763,"date":"2024-10-21T11:37:06","date_gmt":"2024-10-21T09:37:06","guid":{"rendered":"https:\/\/3dtranslation.com\/?page_id=3763"},"modified":"2024-10-21T11:56:49","modified_gmt":"2024-10-21T09:56:49","slug":"davidcv","status":"publish","type":"page","link":"https:\/\/3dtranslation.com\/index.php\/davidcv\/","title":{"rendered":"DavidCV"},"content":{"rendered":"\t\t<div data-elementor-type=\"wp-page\" data-elementor-id=\"3763\" class=\"elementor elementor-3763\">\n\t\t\t\t<div class=\"elementor-element elementor-element-d51cd46 e-grid e-con-boxed e-con e-parent\" data-id=\"d51cd46\" data-element_type=\"container\" data-e-type=\"container\">\n\t\t\t\t\t<div class=\"e-con-inner\">\n\t\t\t\t<div class=\"elementor-element elementor-element-8858b66 elementor-widget elementor-widget-heading\" data-id=\"8858b66\" data-element_type=\"widget\" data-e-type=\"widget\" data-widget_type=\"heading.default\">\n\t\t\t\t<div class=\"elementor-widget-container\">\n\t\t\t\t\t<h2 class=\"elementor-heading-title elementor-size-default\"><span><h1 style=\"text-align: center\"><br><br><span style=\"color: #000080\">Curriculum Vitae<\/span><\/h1><\/span><\/h2>\t\t\t\t<\/div>\n\t\t\t\t<\/div>\n\t\t\t\t<div class=\"elementor-element elementor-element-ab72a1d elementor-widget elementor-widget-image\" data-id=\"ab72a1d\" data-element_type=\"widget\" data-e-type=\"widget\" data-widget_type=\"image.default\">\n\t\t\t\t<div class=\"elementor-widget-container\">\n\t\t\t\t\t\t\t\t\t\t\t\t\t\t\t<img fetchpriority=\"high\" decoding=\"async\" width=\"300\" height=\"300\" src=\"https:\/\/3dtranslation.com\/wp-content\/uploads\/2024\/08\/David-Circulo-300x300.png\" class=\"attachment-medium size-medium wp-image-3706\" alt=\"\" srcset=\"https:\/\/3dtranslation.com\/wp-content\/uploads\/2024\/08\/David-Circulo-300x300.png 300w, https:\/\/3dtranslation.com\/wp-content\/uploads\/2024\/08\/David-Circulo-150x150.png 150w, https:\/\/3dtranslation.com\/wp-content\/uploads\/2024\/08\/elementor\/thumbs\/David-Circulo-300x300.png 229w, https:\/\/3dtranslation.com\/wp-content\/uploads\/2024\/08\/David-Circulo.png 900w\" sizes=\"100vw\" \/>\t\t\t\t\t\t\t\t\t\t\t\t\t\t\t<\/div>\n\t\t\t\t<\/div>\n\t\t\t\t\t<\/div>\n\t\t\t\t<\/div>\n\t\t<div class=\"elementor-element elementor-element-4ee0729 e-flex e-con-boxed e-con e-parent\" data-id=\"4ee0729\" data-element_type=\"container\" data-e-type=\"container\">\n\t\t\t\t\t<div class=\"e-con-inner\">\n\t\t\t\t<div class=\"elementor-element elementor-element-af7c707 elementor-widget elementor-widget-text-editor\" data-id=\"af7c707\" data-element_type=\"widget\" data-e-type=\"widget\" data-widget_type=\"text-editor.default\">\n\t\t\t\t<div class=\"elementor-widget-container\">\n\t\t\t\t\t\t\t\t\t<h2>Resumen libre del curr\u00edculum<\/h2><p>Ingenier\u00eda electr\u00f3nica industrial.<br \/>Actualmente trabajo en el servicio de radiodiagn\u00f3stico del HUVN coordinando la unidad de impresi\u00f3n 3D biom\u00e9dica y realizando estudios de procesado de se\u00f1ales biom\u00e9dicas. Tambi\u00e9n soy docente en el m\u00e1ster \u00abGesti\u00f3n de emergencias sanitarias y pandemias\u00bb de la Escuela de Gerencia Internacional .<br \/>He realizado publicaciones en revistas cient\u00edficas, as\u00ed como direcci\u00f3n e impartici\u00f3n de cursos, seminarios y congresos de tecnolog\u00edas de impresi\u00f3n 3D aplicadas al \u00e1mbito m\u00e9dico y de procesado de se\u00f1ales biom\u00e9dicas.<br \/>He participado en\u00a0 el proyecto de innovaci\u00f3n docente en la UGR de impresi\u00f3n 3D biom\u00e9dica en calidad de colaborador.<br \/><br \/><\/p><h2>M\u00e9ritos m\u00e1s relevantes<\/h2><ul><li><span class=\"OYPEnA font-feature-liga-off font-feature-clig-off font-feature-calt-off text-decoration-none text-strikethrough-none\">Segmentaci\u00f3n e impresi\u00f3n 3D de modelos anat\u00f3micos a partir de pruebas de imagen m\u00e9dica (TFG).<\/span><\/li><li><span class=\"OYPEnA font-feature-liga-off font-feature-clig-off font-feature-calt-off text-decoration-none text-strikethrough-none\">The Educational Impact of Radiology in Anatomy Teaching: A Field Study Using Cross-Sectional Imaging and 3D Printing for the Study of the Spine.<\/span><\/li><li><span class=\"OYPEnA font-feature-liga-off font-feature-clig-off font-feature-calt-off text-decoration-none text-strikethrough-none\">La noche de los investigadores (Granada) los a\u00f1os 2021, 2022 y 2023.<\/span><\/li><li><span class=\"OYPEnA font-feature-liga-off font-feature-clig-off font-feature-calt-off text-decoration-none text-strikethrough-none\">Congresos CEIBS en los a\u00f1os 2021, 2022 y 2023.<\/span><\/li><li><span class=\"OYPEnA font-feature-liga-off font-feature-clig-off font-feature-calt-off text-decoration-none text-strikethrough-none\">Proyecto de Innovaci\u00f3n Docente Coordinado \u201cDise\u00f1o e impresi\u00f3n 3D de modelos anat\u00f3micos utilizando t\u00e9cnicas de imagen radiol\u00f3gica e inteligencia artificial para la educaci\u00f3n m\u00e9dica\u201d Universidad de Granada. Desde 2020. 4.998,97 \u20ac.<\/span><\/li><\/ul><h2>Competencias en electr\u00f3nica e inform\u00e1tica<\/h2><p class=\"cvGsUA direction-ltr align-justify para-style-body\">\u00a0<\/p><ul><li><span class=\"OYPEnA font-feature-liga-off font-feature-clig-off font-feature-calt-off text-decoration-none text-strikethrough-none\">Dise\u00f1o e impresi\u00f3n 3D: Blender, CS Photoshop, Autocad, Meshmixer, Cura, Lychee Slicer, Chitubox, 3D Slicer, UV tools y NetFab.<\/span><\/li><li><span class=\"OYPEnA font-feature-liga-off font-feature-clig-off font-feature-calt-off text-decoration-none text-strikethrough-none\">Procesado de resonancias magn\u00e9ticas y TC con Freesurfer, FSL, CONN y MRTrix3<\/span><\/li><li><span class=\"OYPEnA font-feature-liga-off font-feature-clig-off font-feature-calt-off text-decoration-none text-strikethrough-none\">Procesado de se\u00f1ales biom\u00e9dicas y radi\u00f3mica con Python y Matlab.<\/span><\/li><li><span class=\"OYPEnA font-feature-liga-off font-feature-clig-off font-feature-calt-off text-decoration-none text-strikethrough-none\">Programaci\u00f3n de FPGAs con VHDL y Verilog.<\/span><\/li><li><span class=\"OYPEnA font-feature-liga-off font-feature-clig-off font-feature-calt-off text-decoration-none text-strikethrough-none\">Dise\u00f1o de sistemas embebidos con Arduino, microcontroladores PIC con MPlab y MicroC, ESP32 con IDF o micropython, STM32 con CubeIDE y microcontroladores AVR.<\/span><\/li><li><span class=\"OYPEnA font-feature-liga-off font-feature-clig-off font-feature-calt-off text-decoration-none text-strikethrough-none\">Dise\u00f1os de circuitos anal\u00f3gicos con PSPice,<\/span> <span class=\"OYPEnA font-feature-liga-off font-feature-clig-off font-feature-calt-off text-decoration-none text-strikethrough-none\">LTSpice y Proteus 8.<\/span><\/li><li><span class=\"OYPEnA font-feature-liga-off font-feature-clig-off font-feature-calt-off text-decoration-none text-strikethrough-none\">Dise\u00f1o, programaci\u00f3n y simulaci\u00f3n de circuitos l\u00f3gicos con Quartus II.<\/span><\/li><li><span class=\"OYPEnA font-feature-liga-off font-feature-clig-off font-feature-calt-off text-decoration-none text-strikethrough-none\">Dise\u00f1o de PCBs con Eagle y KiCad.<\/span><\/li><li><span class=\"OYPEnA font-feature-liga-off font-feature-clig-off font-feature-calt-off text-decoration-none text-strikethrough-none\">Nociones b\u00e1sicas de Solid Works.<\/span><\/li><li><span class=\"OYPEnA font-feature-liga-off font-feature-clig-off font-feature-calt-off text-decoration-none text-strikethrough-none\">Estudios estad\u00edsticos b\u00e1sicos con R.<\/span><\/li><li><span class=\"OYPEnA font-feature-liga-off font-feature-clig-off font-feature-calt-off text-decoration-none text-strikethrough-none\">Configuraci\u00f3n, mantenimiento, calibraci\u00f3n y montaje de equipos de impresi\u00f3n 3D FMD y SLA.<\/span><\/li><li><span class=\"OYPEnA font-feature-liga-off font-feature-clig-off font-feature-calt-off text-decoration-none text-strikethrough-none\">Modelado 3D param\u00e9trico con FreeCAD, Fusion360 y AutoCAD.<\/span><\/li><\/ul>\t\t\t\t\t\t\t\t<\/div>\n\t\t\t\t<\/div>\n\t\t\t\t\t<\/div>\n\t\t\t\t<\/div>\n\t\t\t\t<\/div>\n\t\t","protected":false},"excerpt":{"rendered":"<p>Curriculum Vitae Resumen libre del curr\u00edculum Ingenier\u00eda electr\u00f3nica industrial.Actualmente trabajo en el servicio de radiodiagn\u00f3stico del HUVN coordinando la unidad de impresi\u00f3n 3D biom\u00e9dica y realizando estudios de procesado de se\u00f1ales biom\u00e9dicas. Tambi\u00e9n soy docente en el m\u00e1ster \u00abGesti\u00f3n de emergencias sanitarias y pandemias\u00bb de la Escuela de Gerencia Internacional .He realizado publicaciones en revistas &hellip; <\/p>\n<p class=\"link-more\"><a href=\"https:\/\/3dtranslation.com\/index.php\/davidcv\/\" class=\"more-link\">Leer m\u00e1s<span class=\"screen-reader-text\"> \u00abDavidCV\u00bb<\/span><\/a><\/p>\n","protected":false},"author":1,"featured_media":0,"parent":0,"menu_order":0,"comment_status":"closed","ping_status":"closed","template":"","meta":{"footnotes":""},"class_list":["post-3763","page","type-page","status-publish","hentry"],"_links":{"self":[{"href":"https:\/\/3dtranslation.com\/index.php\/wp-json\/wp\/v2\/pages\/3763","targetHints":{"allow":["GET"]}}],"collection":[{"href":"https:\/\/3dtranslation.com\/index.php\/wp-json\/wp\/v2\/pages"}],"about":[{"href":"https:\/\/3dtranslation.com\/index.php\/wp-json\/wp\/v2\/types\/page"}],"author":[{"embeddable":true,"href":"https:\/\/3dtranslation.com\/index.php\/wp-json\/wp\/v2\/users\/1"}],"replies":[{"embeddable":true,"href":"https:\/\/3dtranslation.com\/index.php\/wp-json\/wp\/v2\/comments?post=3763"}],"version-history":[{"count":10,"href":"https:\/\/3dtranslation.com\/index.php\/wp-json\/wp\/v2\/pages\/3763\/revisions"}],"predecessor-version":[{"id":3776,"href":"https:\/\/3dtranslation.com\/index.php\/wp-json\/wp\/v2\/pages\/3763\/revisions\/3776"}],"wp:attachment":[{"href":"https:\/\/3dtranslation.com\/index.php\/wp-json\/wp\/v2\/media?parent=3763"}],"curies":[{"name":"wp","href":"https:\/\/api.w.org\/{rel}","templated":true}]}}