{"id":3895,"date":"2024-11-11T10:30:43","date_gmt":"2024-11-11T09:30:43","guid":{"rendered":"https:\/\/3dtranslation.com\/?page_id=3895"},"modified":"2024-11-11T11:22:10","modified_gmt":"2024-11-11T10:22:10","slug":"cv-david-luengo","status":"publish","type":"page","link":"https:\/\/3dtranslation.com\/index.php\/cv-david-luengo\/","title":{"rendered":"CV David Luengo"},"content":{"rendered":"\t\t<div data-elementor-type=\"wp-page\" data-elementor-id=\"3895\" class=\"elementor elementor-3895\">\n\t\t\t\t<div class=\"elementor-element elementor-element-7b58b1c e-flex e-con-boxed e-con e-parent\" data-id=\"7b58b1c\" data-element_type=\"container\" data-e-type=\"container\">\n\t\t\t\t\t<div class=\"e-con-inner\">\n\t\t<div class=\"elementor-element elementor-element-9df4cb9 e-con-full e-flex e-con e-child\" data-id=\"9df4cb9\" data-element_type=\"container\" data-e-type=\"container\">\n\t\t\t\t<div class=\"elementor-element elementor-element-fc4ed26 elementor-widget elementor-widget-text-editor\" data-id=\"fc4ed26\" data-element_type=\"widget\" data-e-type=\"widget\" data-widget_type=\"text-editor.default\">\n\t\t\t\t<div class=\"elementor-widget-container\">\n\t\t\t\t\t\t\t\t\t<h1 style=\"text-align: center;\">\u00a0<\/h1><h1 style=\"text-align: center;\"><span style=\"color: #000080;\">Curriculum Vitae <br \/><\/span><\/h1>\t\t\t\t\t\t\t\t<\/div>\n\t\t\t\t<\/div>\n\t\t\t\t<\/div>\n\t\t<div class=\"elementor-element elementor-element-8d05ea9 e-con-full e-flex e-con e-child\" data-id=\"8d05ea9\" data-element_type=\"container\" data-e-type=\"container\">\n\t\t\t\t<\/div>\n\t\t\t\t\t<\/div>\n\t\t\t\t<\/div>\n\t\t<div class=\"elementor-element elementor-element-43cf89e e-flex e-con-boxed e-con e-parent\" data-id=\"43cf89e\" data-element_type=\"container\" data-e-type=\"container\">\n\t\t\t\t\t<div class=\"e-con-inner\">\n\t\t\t\t<div class=\"elementor-element elementor-element-c06b11d elementor-widget elementor-widget-text-editor\" data-id=\"c06b11d\" data-element_type=\"widget\" data-e-type=\"widget\" data-widget_type=\"text-editor.default\">\n\t\t\t\t<div class=\"elementor-widget-container\">\n\t\t\t\t\t\t\t\t\t<h2 style=\"text-align: left;\">Resumen libre del curr\u00edculum<\/h2><p>Graduado en Medicina por la Universidad de Extremadura con una nota media de 9,21 y 23<br \/>matr\u00edculas de honor. Soy m\u00e9dico especialista en Radiodiagn\u00f3stico, con una s\u00f3lida trayectoria<br \/>centrada en la patolog\u00eda abdominal, un \u00e1rea que capt\u00f3 mi inter\u00e9s desde la etapa de pregrado,<br \/>como refleja mi Trabajo de Fin de Grado titulado \u00abTerapias Biol\u00f3gicas en la Enfermedad de<br \/>Crohn\u00bb, calificado con un 9,4.<br \/>Acced\u00ed a la formaci\u00f3n sanitaria especializada en el Hospital Universitario Virgen de las Nieves<br \/>con un n\u00famero de acceso 128, finalizando el 24 de septiembre de 2024 con una calificaci\u00f3n<br \/>final de 10. Durante mi periodo como m\u00e9dico interno residente, complet\u00e9 un m\u00e1ster y cinco<br \/>t\u00edtulos propios universitarios. Adem\u00e1s, he publicado siete art\u00edculos cient\u00edficos en revistas<\/p><p>indexadas en JCR y he presentado m\u00e1s de 20 comunicaciones en congresos nacionales o<br \/>internacionales.<br \/>En mi labor docente, destaqu\u00e9 como tutor cl\u00ednico en el marco del modelo de colaboraci\u00f3n para<br \/>la formaci\u00f3n pr\u00e1ctico-cl\u00ednica hospitalaria de los estudiantes de Medicina de la Universidad de<br \/>Granada, as\u00ed como en la realizaci\u00f3n de ponencias en cursos y talleres.<br \/>Actualmente, formo parte del grupo de investigaci\u00f3n de Imagen M\u00e9dica Avanzada del Instituto<br \/>Biosanitario de Granada y soy doctorando en el programa de Medicina Cl\u00ednica y Salud P\u00fablica<br \/>de la Universidad de Granada. Mi plan de investigaci\u00f3n, titulado \u00abAvances radiol\u00f3gicos en el<br \/>diagn\u00f3stico, estadificaci\u00f3n y predicci\u00f3n de respuesta del c\u00e1ncer de recto\u00bb, pretende contribuir<br \/>significativamente al campo de la Oncolog\u00eda y la Radiolog\u00eda mediante la investigaci\u00f3n y el<br \/>trabajo en equipo.<br \/>Durante mi carrera profesional he recibido cuatro premios:<br \/>&#8211; Mejor comunicaci\u00f3n en P\u00f3ster en el IV Simposio de Terapias Avanzadas y Tecnolog\u00edas<br \/>Biom\u00e9dicas del ibs.GRANADA Instituto de Investigaci\u00f3n Biosanitaria (15\/12\/2023).<br \/>&#8211; Cum Laude por comunicaci\u00f3n electr\u00f3nica en el 37\u00ba Congreso Nacional de la Sociedad<br \/>Espa\u00f1ola de Radiolog\u00eda M\u00e9dica (24\/05\/2024).<br \/>&#8211; Acc\u00e9sit por comunicacion oral en el 37\u00ba Congreso Nacional de la Sociedad Espa\u00f1ola de<br \/>Radiolog\u00eda M\u00e9dica (24\/05\/2024).<br \/>&#8211; Mayor Acertante de la Sesi\u00f3n Interactiva de Casos en el XXIII Congreso de la Sociedad<br \/>Espa\u00f1ola de Diagn\u00f3stico por Imagen del Abdomen (18\/10\/2024)<\/p><h2>M\u00e9ritos m\u00e1s relevantes<\/h2><h4>Publicaciones m\u00e1s importantes en libros y revistas con \u201cpeer review\u201d y<br \/>conferencias<\/h4><p>1 Art\u00edculo cient\u00edfico. Antonio Jes\u00fas L\u00e1inez Ramos-Bossini; Antonio G\u00e1mez Mart\u00ednez;<br \/>(3\/6) David Luengo G\u00f3mez (AC); Francisco Valverde-L\u00f3pez; Consolaci\u00f3n Melguizo;<br \/>Jos\u00e9 Prados. 2024. Prevalence of Sarcopenia Determined by Computed Tomography<br \/>in Pancreatic Cancer: A Systematic Review and Meta-Analysis of Observational<br \/>Studies. Cancers. MDPI. 16-19. https:\/\/doi.org\/10.3390\/cancers16193356<\/p><p>2 Art\u00edculo cient\u00edfico. Antonio Jes\u00fas L\u00e1inez Ramos-Bossini; Paula Mar\u00eda Jim\u00e9nez Guti\u00e9rrez;<br \/>(3\/6) David Luengo G\u00f3mez (AC); Mario Rivera Izquierdo; Jos\u00e9 Manuel Ben\u00edtez;<br \/>Fernando Ruiz Santiago. 2024. A Comparative Analysis of International Classification<br \/>Systems to Predict the Risk of Collapse in Single-Level Osteoporotic Vertebral<br \/>Fractures. Diagnostics. MDPI. 14-19. https:\/\/doi.org\/10.3390\/diagnostics14192152<\/p><p>3 Art\u00edculo cient\u00edfico. (1\/4) David Luengo G\u00f3mez (AC); \u00c1ngela<br \/>Salmer\u00f3n Ruiz; Antonio Medina Ben\u00edtez; Antonio Jes\u00fas L\u00e1inez<br \/>Ramos-Bossini. 2024. Papel de la resonancia magn\u00e9tica en la evaluaci\u00f3n<br \/>del c\u00e1ncer de recto tras terapia neoadyuvante. Radiolog\u00eda. Elsevier. ISSN<br \/>00338338. https:\/\/doi.org\/10.1016\/j.rx.2024.06.009<\/p><p>4 Art\u00edculo cient\u00edfico. (1\/3) David Luengo G\u00f3mez; D\u00e1maris Romeral Navarro; Ester<br \/>F\u00e1tima S\u00e1nchez \u00c1lvarez. 2024. Acute Fibrinous and Organizing Pneumonia Associated<br \/>With Mycobacterium tuberculosis. Archivos de Bronconeumolog\u00eda. Elsevier. ISSN<br \/>03002896. https:\/\/doi.org\/10.1016\/j.arbres.2024.07.021<\/p><p>5 Art\u00edculo cient\u00edfico. (1\/4) David Luengo G\u00f3mez (AC); \u00c1ngela Salmer\u00f3n Ruiz; Javier Pastor<br \/>Mena; Antonio Jes\u00fas L\u00e1inez Ramos-Bossini. 2024. Lymphoepithelioma-like carcinoma:<br \/>a rare case of rectal cancer. Revista Espa\u00f1ola de Enfermedades Digestivas. ARAN<br \/>EDICIONES, S A. ISSN 11300108. https:\/\/doi.org\/10.17235\/reed.2024.10540\/2024<\/p><p>6 Art\u00edculo cient\u00edfico. \u00c1ngela Salmer\u00f3n-Ruiz; (2\/4) David Luengo G\u00f3mez; Antonio<br \/>Medina Ben\u00edtez; Antonio Jes\u00fas L\u00e1inez Ramos-Bossini. 2024. Primary staging of rectal<br \/>cancer on MRI: an updated pictorial review with focus on common pitfalls and<br \/>current controversies. European Journal of Radiology. Elsevier. 175, pp.1-19. ISSN<br \/>0720048X. WOS (1) https:\/\/doi.org\/10.1016\/j.ejrad.2024.111417<\/p><p>7 Art\u00edculo cient\u00edfico. (1\/5) David Luengo (AC); \u00c1ngela Salmer\u00f3n; Antonio Medina; Javier<br \/>Pastor; Mercedes Caba. 2024. Urothelial carcinoma masquerading as retroperitoneal<br \/>fibrosis: A case report. Oncology Letters. Spandidos Publications. 27-5, pp.1-5. ISSN<br \/>17921074. https:\/\/doi.org\/10.3892\/ol.2024.14328<\/p><h4>Congresos<\/h4><p>1 David Luengo G\u00f3mez; \u00c1ngela Salmer\u00f3n Ruiz; Antonio Jes\u00fas L\u00e1inez Ramos-Bossini;<br \/>Antonio Medina Ben\u00edtez. Reestadificaci\u00f3n del cancer de recto con RM: desaf\u00edos y<br \/>soluciones. XXIII Congreso de la Sociedad Espa\u00f1ola de Diagn\u00f3stico por Imagen del<br \/>Abdomen. Sociedad Espa\u00f1ola de Diagn\u00f3stico por Imagen del Abdomen. 2024. Espa\u00f1a.<\/p><p>2 David Luengo G\u00f3mez; Antonio Jes\u00fas Morillo Gil; Juan Francisco Ferrer Soriano; Francisco<br \/>Javier P\u00e9rez Garc\u00eda; \u00c1ngela Ruiz de Ar\u00e9valo Garc\u00eda. Lung Ultrasound: A New Era in the<br \/>Diagnosis of Pneumonia and Its Complications. 58th Annual Meeting European Society of<br \/>Paediatric Radiology. European Society of Paediatric Radiology. 2024. Espa\u00f1a.<\/p><p>3 Daniel L\u00f3pez Z\u00fa\u00f1iga; David Luengo G\u00f3mez; Elvira Ruiz Castellano. Enfermedad p\u00e9lvica<br \/>inflamatoria: c\u00f3mo hacer un buen diagn\u00f3stico por imagen. 37 Congreso Nacional<br \/>de la Sociedad Espa\u00f1ola de Radiolog\u00eda M\u00e9dica. Sociedad Espa\u00f1ola de Radiolog\u00eda<br \/>M\u00e9dica. 2024. Espa\u00f1a. Congreso.<\/p><p>4 Francisco Javier P\u00e9rez Garc\u00eda; M\u00f3nica Crespo Balbuena; M\u00aa Del Carmen P\u00e9rez Garc\u00eda;<br \/>David Luengo G\u00f3mez; Elvira Ruiz Castellano; Jos\u00e9 Pablo Mart\u00ednez Barbero. Experiencia<br \/>del primer a\u00f1o del primer hospital p\u00fablico espa\u00f1ol en realizar radiocirug\u00eda Gamma Knife. 37<br \/>Congreso Nacional de la Sociedad Espa\u00f1ola de Radiolog\u00eda M\u00e9dica. Sociedad Espa\u00f1ola de<br \/>Radiolog\u00eda M\u00e9dica. 2024. Espa\u00f1a. Congreso.<\/p><p>5 Ana Bel\u00e9n Cendrero Camacho; Carmen Somavilla Bueno; Sara Mart\u00ednez Reiriz; David<br \/>Luengo G\u00f3mez; \u00c1lvaro Oca\u00f1a Ledesma; Almudera P\u00e9rez Lara. Factores en la elecci\u00f3n de<br \/>centro para realizar la residencia. 37 Congreso de la Sociedad Espa\u00f1ola de Radiolog\u00eda<br \/>M\u00e9dica. Sociedad Espa\u00f1ola de Radiolog\u00eda M\u00e9dica. 2024. Espa\u00f1a. Congreso.<\/p><p>6 Daniel L\u00f3pez Z\u00fa\u00f1iga; David Luengo G\u00f3mez; Elvira Ruiz Castellano. Masas cervicales<br \/>en pediatr\u00eda: clasificaci\u00f3n y diagn\u00f3stico por imagen. 37 Congreso Nacional de<br \/>la Sociedad Espa\u00f1ola de Radiolog\u00eda M\u00e9dica. Sociedad Espa\u00f1ola de Radiolog\u00eda<br \/>M\u00e9dica. 2024. Espa\u00f1a. Congreso.<\/p><p>7 David Luengo G\u00f3mez; Francisco Javier Navarro S\u00e1nchez; Ana Mart\u00ednez de<br \/>Mandojana Hern\u00e1ndez. Radiograf\u00eda simple de las fracturas. 37 Congreso Nacional<br \/>de la Sociedad Espa\u00f1ola de Radiolog\u00eda M\u00e9dica. Sociedad Espa\u00f1ola de Radiolog\u00eda<br \/>M\u00e9dica. 2024. Espa\u00f1a. Congreso.<\/p><p>8 David Luengo G\u00f3mez; Daniel L\u00f3pez Z\u00fa\u00f1iga; Francisco Javier Navarro S\u00e1nchez; Elvira Ruiz<br \/>Castellano; Juan Carlos Cerro del Pozo. Complicaciones postquir\u00fargicas genitourinarias. 37<br \/>Congreso Nacional de la Sociedad Espa\u00f1ola de Radiolog\u00eda M\u00e9dica. Sociedad Espa\u00f1ola de<br \/>Radiolog\u00eda M\u00e9dica. 2024. Espa\u00f1a.<\/p><p>9 Elvira Ruiz Castellano; Daniel L\u00f3pez Z\u00fa\u00f1iga; David Luengo G\u00f3mez; Gonzalo<br \/>Ruiz Villaverde; Inmaculada Mendoza Arnau. Embolizaci\u00f3n del mioma uterino e<br \/>informe radiol\u00f3gico. 37 Congreso Nacional de la Sociedad Espa\u00f1ola de Radiolog\u00eda<br \/>M\u00e9dica. Sociedad Espa\u00f1ola de Radiolog\u00eda M\u00e9dica. 2024. Espa\u00f1a.<\/p><p>10 Francisco Javier P\u00e9rez Garc\u00eda; Paloma Montosa R\u00f3denas; Elvira Ruiz Castellano; M\u00f3nica<br \/>Crespo Balbuena; David Luengo G\u00f3mez; R. Mart\u00ednez. Correlation between hypodensity in<br \/>code stroke CT and final infarct volume in post-thrombectomy control. European Congress<br \/>of Radiology. European Society of Radiology. 2024. Austria.<\/p><p>11 Antonio Jes\u00fas L\u00e1inez Ramos-Bossini; Monica Crespo Balbuena; Francisco Javier P\u00e9rez<br \/>Garc\u00eda; David Luengo G\u00f3mez; Elvira Ruiz Castellano; \u00c1. Salmer\u00f3n Ruiz. Cystic artery<br \/>peak systolic velocity as diagnostic biomarker in acute cholecystitis. European Congress of<br \/>Radiology. European Society of Radiology. 2024. Austria.<\/p><p>12 David Luengo G\u00f3mez; M\u00f3nica Crespo Balbuena; Francisco Javier P\u00e9rez Garc\u00eda; Antonio<br \/>Medina Ben\u00edtez; Antonio Jes\u00fas L\u00e1inez Ramos-Bossini. Diagnostic Performance of<br \/>Abdominal Ultrasound in the Detection of Obstructive Renoureteral Lithiasis. European<br \/>Congress of Radiology. European Society of Radiology. 2024. Austria.<\/p><p>13 Francisco Javier P\u00e9rez Garc\u00eda; Maria del Carmen P\u00e9rez Garc\u00eda; M\u00f3nica Crespo Balbuena;<br \/>Elvira Ruiz Castellano; David Luengo G\u00f3mez. Experience of the first year of the first<br \/>Spanish public hospital to perform Gamma Knife radiosurgery. European Congress of<br \/>Radiology. European Society of Radiology. 2024. Austria.<\/p><p>14 David Luengo G\u00f3mez; Elvira Ruiz Castellano; \u00c1ngela Salmer\u00f3n Ruiz; Antonio Medina<br \/>Ben\u00edtez; Antonio Jes\u00fas Lainez Ramos-Bossini. MRI of rectal cancer staging: challenges and<br \/>solutions. European Congress of Radiology. European Society of Radiology. 2024. Austria.<\/p><p>15 Elvira Ruiz Castellano; M\u00f3nica Crespo Balbuena; David Luengo G\u00f3mez; et al; A.<br \/>J. Lainez Ramos-Bossini. Telerobotic ultrasound of the abdomen and pelvis: a<br \/>prospective comparative study. European Congress of Radiology. European Society of<br \/>Radiology. 2024. Austria.<\/p><p>16 Jose Pablo Mart\u00ednez Barbero; David Luengo G\u00f3mez; Maria del Carmen P\u00e9rez<br \/>Garc\u00eda. Validation of ASFNR paradigms in Spanish for pre-surgical language<br \/>evaluation using functional MRI. European Congress of Radiology. European Society of<br \/>Radiology. 2024. Austria.<\/p><p>17 David Luengo G\u00f3mez; Francisco Javier P\u00e9rez Garc\u00eda; Francisco Javier Navarro<br \/>S\u00e1nchez. Gliomas difusos del adulto y la nueva era molecular. Reuni\u00f3n<br \/>Anual de la Sociedad Espa\u00f1ola de Neurorradiolog\u00eda. Sociedad Espa\u00f1ola de<br \/>Neurorradiolog\u00eda. 2023. Espa\u00f1a.<\/p><p>18 Francisco Javier Navarro S\u00e1nchez; David Luengo G\u00f3mez; Francisco Javier P\u00e9rez Garc\u00eda;<br \/>Jose Pablo Mart\u00ednez Barbero; Jorge Pastor Rull. Hallazgos en RM del meduloblastoma del<br \/>adulto. Reuni\u00f3n Anual de la Sociedad Espa\u00f1ola de Neurorradiolog\u00eda. Sociedad Espa\u00f1ola<br \/>de Neurorradiolog\u00eda. 2023. Espa\u00f1a.<\/p><p>19 Elvira Ruiz Castellano; David Luengo G\u00f3mez; Daniel L\u00f3pez Z\u00fa\u00f1iga. Variantes anat\u00f3micas<br \/>de la gl\u00e1ndula pancre\u00e1tica. XXI Congreso de la Sociedad Espa\u00f1ola de Diagn\u00f3stico<br \/>por Imagen del Abdomen. Sociedad Espa\u00f1ola de Diagn\u00f3stico por Imagen del<br \/>Abdomen. 2022. Espa\u00f1a.<\/p><p>20 Francisco Javier P\u00e9rez Garc\u00eda; Adolfo Jes\u00fas Ariza S\u00e1nchez; David Luengo G\u00f3mez;<br \/>Manuel Jes\u00fas Rabaza Espigares; Salvador Mart\u00ednez Meca; R. S\u00e1nchez S\u00e1nchez;<br \/>I. Mendoza Arnau. Marking of metastatic axillary node and BIRADS 6 lesion<br \/>with an iodine-125-radiolabelled seed in breast cancer patients who received<br \/>neoadjuvant chemotherapy. European Congress of Radiology. European Society of<br \/>Radiology. 2022. Austria.<\/p><p>21 David Luengo G\u00f3mez; Elvira Ruiz Castellano; M\u00f3nica Crespo Balbuena. Revisi\u00f3n<br \/>de los hallazgos por imagen de la hipertensi\u00f3n portal. 36 Congreso Nacional de<br \/>la Sociedad Espa\u00f1ola de Radiolog\u00eda M\u00e9dica. Sociedad Espa\u00f1ola de Radiolog\u00eda<br \/>M\u00e9dica. 2022. Espa\u00f1a. Congreso.<\/p><p>22 Francisco Javier P\u00e9rez Garc\u00eda; Elvira Ruiz Castellano; M\u00f3nica Crespo Balbuena; David<br \/>Luengo G\u00f3mez. Ecograf\u00eda Doppler en modo f\u00e1cil: fundamentos f\u00edsicos, caracter\u00edsticas<br \/>de la t\u00e9cnica y aplicaciones. 36 congreso de la Sociedad Espa\u00f1ola de Radiolog\u00eda<br \/>M\u00e9dica. Sociedad Espa\u00f1ola de Radiolog\u00eda M\u00e9dica. 2022. Espa\u00f1a.<\/p><p>23 M\u00f3nica Crespo Balbuena; \u00c1ngela Salmer\u00f3n Ruiz; David Luengo G\u00f3mez. Toxicidad<br \/>abdominal por quimioterapia: hallazgos radiol\u00f3gicos. 36 Congreso Nacional de la Sociedad<br \/>Espa\u00f1ola de Radiolog\u00eda M\u00e9dica. Sociedad Espa\u00f1ola de Radiolog\u00eda M\u00e9dica. 2022. Espa\u00f1a.<\/p><h4>Proyectos y contratos<\/h4><p>1 Proyecto. Estudio Prote\u00f3mico de Ves\u00edculas Extracelulares (EVs) para el diagn\u00f3stico y<br \/>seguimiento de pacientes con Enfermedad Pulmonar Obstructiva Cr\u00f3nica (EPOC). Instituto<br \/>de Salud Carlos III. Francisco Gabriel Ortega S\u00e1nchez. (Fundaci\u00f3n para la Investigaci\u00f3n<br \/>Biosanitaria de Andaluc\u00eda Oriental (FIBAO)). 01\/01\/2023-31\/12\/2025.<\/p><p>\u00a0<\/p>\t\t\t\t\t\t\t\t<\/div>\n\t\t\t\t<\/div>\n\t\t\t\t\t<\/div>\n\t\t\t\t<\/div>\n\t\t\t\t<\/div>\n\t\t","protected":false},"excerpt":{"rendered":"<p>\u00a0 Curriculum Vitae Resumen libre del curr\u00edculum Graduado en Medicina por la Universidad de Extremadura con una nota media de 9,21 y 23matr\u00edculas de honor. Soy m\u00e9dico especialista en Radiodiagn\u00f3stico, con una s\u00f3lida trayectoriacentrada en la patolog\u00eda abdominal, un \u00e1rea que capt\u00f3 mi inter\u00e9s desde la etapa de pregrado,como refleja mi Trabajo de Fin de &hellip; <\/p>\n<p class=\"link-more\"><a href=\"https:\/\/3dtranslation.com\/index.php\/cv-david-luengo\/\" class=\"more-link\">Leer m\u00e1s<span class=\"screen-reader-text\"> \u00abCV David Luengo\u00bb<\/span><\/a><\/p>\n","protected":false},"author":1,"featured_media":0,"parent":0,"menu_order":0,"comment_status":"closed","ping_status":"closed","template":"","meta":{"footnotes":""},"class_list":["post-3895","page","type-page","status-publish","hentry"],"_links":{"self":[{"href":"https:\/\/3dtranslation.com\/index.php\/wp-json\/wp\/v2\/pages\/3895","targetHints":{"allow":["GET"]}}],"collection":[{"href":"https:\/\/3dtranslation.com\/index.php\/wp-json\/wp\/v2\/pages"}],"about":[{"href":"https:\/\/3dtranslation.com\/index.php\/wp-json\/wp\/v2\/types\/page"}],"author":[{"embeddable":true,"href":"https:\/\/3dtranslation.com\/index.php\/wp-json\/wp\/v2\/users\/1"}],"replies":[{"embeddable":true,"href":"https:\/\/3dtranslation.com\/index.php\/wp-json\/wp\/v2\/comments?post=3895"}],"version-history":[{"count":7,"href":"https:\/\/3dtranslation.com\/index.php\/wp-json\/wp\/v2\/pages\/3895\/revisions"}],"predecessor-version":[{"id":3911,"href":"https:\/\/3dtranslation.com\/index.php\/wp-json\/wp\/v2\/pages\/3895\/revisions\/3911"}],"wp:attachment":[{"href":"https:\/\/3dtranslation.com\/index.php\/wp-json\/wp\/v2\/media?parent=3895"}],"curies":[{"name":"wp","href":"https:\/\/api.w.org\/{rel}","templated":true}]}}