{"id":3926,"date":"2024-11-12T09:29:43","date_gmt":"2024-11-12T08:29:43","guid":{"rendered":"https:\/\/3dtranslation.com\/?page_id=3926"},"modified":"2024-11-12T09:32:46","modified_gmt":"2024-11-12T08:32:46","slug":"cv-luis-balderas","status":"publish","type":"page","link":"https:\/\/3dtranslation.com\/index.php\/cv-luis-balderas\/","title":{"rendered":"CV Luis Balderas"},"content":{"rendered":"\t\t<div data-elementor-type=\"wp-page\" data-elementor-id=\"3926\" class=\"elementor elementor-3926\">\n\t\t\t\t<div class=\"elementor-element elementor-element-b903919 e-flex e-con-boxed e-con e-parent\" data-id=\"b903919\" data-element_type=\"container\" data-e-type=\"container\">\n\t\t\t\t\t<div class=\"e-con-inner\">\n\t\t<div class=\"elementor-element elementor-element-6de14c2 e-con-full e-flex e-con e-child\" data-id=\"6de14c2\" data-element_type=\"container\" data-e-type=\"container\">\n\t\t\t\t<div class=\"elementor-element elementor-element-f37690f elementor-widget elementor-widget-text-editor\" data-id=\"f37690f\" data-element_type=\"widget\" data-e-type=\"widget\" data-widget_type=\"text-editor.default\">\n\t\t\t\t<div class=\"elementor-widget-container\">\n\t\t\t\t\t\t\t\t\t<h1 style=\"text-align: center;\">\u00a0<\/h1><h1 style=\"text-align: center;\"><span style=\"color: #000080;\">Curriculum Vitae <br \/><\/span><\/h1>\t\t\t\t\t\t\t\t<\/div>\n\t\t\t\t<\/div>\n\t\t\t\t<\/div>\n\t\t<div class=\"elementor-element elementor-element-8fa1c71 e-con-full e-flex e-con e-child\" data-id=\"8fa1c71\" data-element_type=\"container\" data-e-type=\"container\">\n\t\t\t\t<\/div>\n\t\t\t\t\t<\/div>\n\t\t\t\t<\/div>\n\t\t<div class=\"elementor-element elementor-element-94c8b47 e-flex e-con-boxed e-con e-parent\" data-id=\"94c8b47\" data-element_type=\"container\" data-e-type=\"container\">\n\t\t\t\t\t<div class=\"e-con-inner\">\n\t\t\t\t<div class=\"elementor-element elementor-element-79af67c elementor-widget elementor-widget-text-editor\" data-id=\"79af67c\" data-element_type=\"widget\" data-e-type=\"widget\" data-widget_type=\"text-editor.default\">\n\t\t\t\t<div class=\"elementor-widget-container\">\n\t\t\t\t\t\t\t\t\t<h3>ACTIVIDAD INVESTIGADORA, DE TRANSFERENCIA E INTERCAMBIO DEL<br \/>CONOCIMIENTO<\/h3><h4>PROYECTOS Y CONTRATOS DE INVESTIGACI\u00d3N Y TRANSFERENCIA E<br \/>INTERCAMBIO DEL CONOCIMIENTO<\/h4><p>1 Proyecto. Deep processing of time series: Central Nervous System Brain diagnosis from<br \/>perfusion of Magnetic Resonance Images. Jos\u00e9 Manuel Ben\u00edtez S\u00e1nchez. (Universidad de<br \/>Granada). 01\/09\/2021-31\/08\/2024.<br \/>2 Proyecto. Artificial Intelligence for the diagnosis and prognosis of COVID-19. Consejer\u00eda de<br \/>Transformaci\u00f3n Econ\u00f3mica, Industria, Conocimiento y Universidades, Junta de Andaluc\u00eda.<br \/>Jose Manuel Ben\u00edtez S\u00e1nchez. (Universidad de Granada). 14\/11\/2020-13\/05\/2022.<\/p><h4>ACTIVIDAD INVESTIGADORA<\/h4><p>1 Art\u00edculo cient\u00edfico. Balderas, L.; Lastra, M.; Ben\u00edtez, JM.2024. Optimizing Convolutional<br \/>Neural Networks. Mathematics. MDPI. 12-19, pp.3032.<br \/>2 Art\u00edculo cient\u00edfico. Balderas, L.; Lastra, M.; Ben\u00edtez, J.M.2024. An Efficient Green AI<br \/>Approach to Time Series Forecasting Based on Deep Learning. Big Data and Cognitive<br \/>Computing. MDPI. 8-9, pp.120.<br \/>3 Art\u00edculo cient\u00edfico. Balderas, L.; Lastra, L.; Ben\u00edtez, J.M.2024. Optimizing dense<br \/>feed-forward neural networks. Neural Networks. Elsevier. 171, pp.229-241.<br \/>4 Art\u00edculo cient\u00edfico. Balderas, L.; Lastra, M.; L\u00e1inez-Ramos, A.; Ben\u00edtez,<br \/>J.M.2022. COVID-ViT: COVID-19 detection method based on vision<br \/>transformers. International Conference on Intelligent Systems Design and<br \/>Applications. Springer Nature Switzerland. pp.81-90.<br \/>5 Congreso. Luis Balderas; Mar\u00eda Moreno de Castro; Miguel Lastra; Jos\u00e9 Mart\u00ednez; Francisco<br \/>Javier P\u00e9rez; Antonio La\u00ednez; Antonio Araujo-Azofra; Jos\u00e9 Manuel Ben\u00edtez. Reliable Central<br \/>Nervous System Tumor Differentiation on MRI Images with Deep Neural Networks and<br \/>Conformal Prediction. European Conference in Artificial Intelligence ECAI24. Universidad<br \/>de Santiago de Compostela. 2024. Espa\u00f1a.<br \/>6 Congreso. Luis Balderas; Miguel Lastra; Antonio L\u00e1inez; Jos\u00e9 Manuel Ben\u00edtez. COVID-ViT:<br \/>COVID-19 detection method based on vision transformers. Intelligent Systems Design and<br \/>Applications (ISDA22). 2022. Estados Unidos de Am\u00e9rica.<\/p>\t\t\t\t\t\t\t\t<\/div>\n\t\t\t\t<\/div>\n\t\t\t\t\t<\/div>\n\t\t\t\t<\/div>\n\t\t\t\t<\/div>\n\t\t","protected":false},"excerpt":{"rendered":"<p>\u00a0 Curriculum Vitae ACTIVIDAD INVESTIGADORA, DE TRANSFERENCIA E INTERCAMBIO DELCONOCIMIENTO PROYECTOS Y CONTRATOS DE INVESTIGACI\u00d3N Y TRANSFERENCIA EINTERCAMBIO DEL CONOCIMIENTO 1 Proyecto. Deep processing of time series: Central Nervous System Brain diagnosis fromperfusion of Magnetic Resonance Images. Jos\u00e9 Manuel Ben\u00edtez S\u00e1nchez. (Universidad deGranada). 01\/09\/2021-31\/08\/2024.2 Proyecto. Artificial Intelligence for the diagnosis and prognosis of COVID-19. Consejer\u00eda &hellip; <\/p>\n<p class=\"link-more\"><a href=\"https:\/\/3dtranslation.com\/index.php\/cv-luis-balderas\/\" class=\"more-link\">Leer m\u00e1s<span class=\"screen-reader-text\"> \u00abCV Luis Balderas\u00bb<\/span><\/a><\/p>\n","protected":false},"author":1,"featured_media":0,"parent":0,"menu_order":0,"comment_status":"closed","ping_status":"closed","template":"","meta":{"footnotes":""},"class_list":["post-3926","page","type-page","status-publish","hentry"],"_links":{"self":[{"href":"https:\/\/3dtranslation.com\/index.php\/wp-json\/wp\/v2\/pages\/3926","targetHints":{"allow":["GET"]}}],"collection":[{"href":"https:\/\/3dtranslation.com\/index.php\/wp-json\/wp\/v2\/pages"}],"about":[{"href":"https:\/\/3dtranslation.com\/index.php\/wp-json\/wp\/v2\/types\/page"}],"author":[{"embeddable":true,"href":"https:\/\/3dtranslation.com\/index.php\/wp-json\/wp\/v2\/users\/1"}],"replies":[{"embeddable":true,"href":"https:\/\/3dtranslation.com\/index.php\/wp-json\/wp\/v2\/comments?post=3926"}],"version-history":[{"count":4,"href":"https:\/\/3dtranslation.com\/index.php\/wp-json\/wp\/v2\/pages\/3926\/revisions"}],"predecessor-version":[{"id":3930,"href":"https:\/\/3dtranslation.com\/index.php\/wp-json\/wp\/v2\/pages\/3926\/revisions\/3930"}],"wp:attachment":[{"href":"https:\/\/3dtranslation.com\/index.php\/wp-json\/wp\/v2\/media?parent=3926"}],"curies":[{"name":"wp","href":"https:\/\/api.w.org\/{rel}","templated":true}]}}