{"id":647,"date":"2023-08-26T23:05:12","date_gmt":"2023-08-26T21:05:12","guid":{"rendered":"https:\/\/3dtranslation.com\/?page_id=647"},"modified":"2023-09-02T19:31:18","modified_gmt":"2023-09-02T17:31:18","slug":"caso-1","status":"publish","type":"page","link":"https:\/\/3dtranslation.com\/index.php\/caso-1\/","title":{"rendered":"Caso 1"},"content":{"rendered":"<p>Advertencia: debido a que el TC o RM se procesan en el dispositivo desde el que est\u00e1 visualizando esta web, dependiendo de \u00e9ste la carga inicial puede demorarse de unos segundos a alg\u00fan minuto.<\/p>\n\n\n<div class=\"wp-block-columns is-layout-flex wp-container-core-columns-is-layout-28f84493 wp-block-columns-is-layout-flex\">\n<div class=\"wp-block-column is-layout-flow wp-block-column-is-layout-flow\">\n<h2 style=\"text-align: center;\">Sagital T2<\/h2>\n<\/div>\n\n\n\n<div class=\"wp-block-column is-layout-flow wp-block-column-is-layout-flow\">\n<h2 style=\"text-align: center;\">Sagital STIR<\/h2>\n<\/div>\n\n\n\n<div class=\"wp-block-column is-layout-flow wp-block-column-is-layout-flow\">\n<h2 style=\"text-align: center;\">Sagital T1<\/h2>\n<\/div>\n<\/div>\n\n\n\n<div class=\"wp-block-columns is-layout-flex wp-container-core-columns-is-layout-28f84493 wp-block-columns-is-layout-flex\">\n<div class=\"wp-block-column is-layout-flow wp-block-column-is-layout-flow\">\n<div class=\"wp-block-dicomsupport-dcm\">\n    <!-- Main container div -->\n    <div id=\"dwv-69f449d3878cf\" class=\"dwv\" >\n      <!-- Toolbar -->\n      <div id=\"toolbar-69f449d3878cf\" class=\"toolbar\"><\/div>\n      <!-- Layer Container -->\n      <div id=\"layerGroup-69f449d3878cf\" class=\"layerGroup\">\n      <\/div>\n    <\/div><!-- \/dwv -->\n    <\/div>\n<\/div>\n\n\n\n<div class=\"wp-block-column is-layout-flow wp-block-column-is-layout-flow\">\n<div class=\"wp-block-dicomsupport-dcm\">\n    <!-- Main container div -->\n    <div id=\"dwv-69f449d3893b4\" class=\"dwv\" >\n      <!-- Toolbar -->\n      <div id=\"toolbar-69f449d3893b4\" class=\"toolbar\"><\/div>\n      <!-- Layer Container -->\n      <div id=\"layerGroup-69f449d3893b4\" class=\"layerGroup\">\n      <\/div>\n    <\/div><!-- \/dwv -->\n    <\/div>\n<\/div>\n\n\n\n<div class=\"wp-block-column is-layout-flow wp-block-column-is-layout-flow\">\n<div class=\"wp-block-dicomsupport-dcm\">\n    <!-- Main container div -->\n    <div id=\"dwv-69f449d38b7a5\" class=\"dwv\" >\n      <!-- Toolbar -->\n      <div id=\"toolbar-69f449d38b7a5\" class=\"toolbar\"><\/div>\n      <!-- Layer Container -->\n      <div id=\"layerGroup-69f449d38b7a5\" class=\"layerGroup\">\n      <\/div>\n    <\/div><!-- \/dwv -->\n    <\/div>\n<\/div>\n<\/div>\n\n\n\n<div class=\"wp-block-columns is-layout-flex wp-container-core-columns-is-layout-28f84493 wp-block-columns-is-layout-flex\">\n<div class=\"wp-block-column is-layout-flow wp-block-column-is-layout-flow\">\n<h2 style=\"text-align: center;\">Axial T2<\/h2>\n<\/div>\n<\/div>\n\n\n\n<div class=\"wp-block-columns is-layout-flex wp-container-core-columns-is-layout-28f84493 wp-block-columns-is-layout-flex\">\n<div class=\"wp-block-column is-layout-flow wp-block-column-is-layout-flow\">\n<div class=\"wp-block-dicomsupport-dcm\">\n    <!-- Main container div -->\n    <div id=\"dwv-69f449d38d444\" class=\"dwv\" >\n      <!-- Toolbar -->\n      <div id=\"toolbar-69f449d38d444\" class=\"toolbar\"><\/div>\n      <!-- Layer Container -->\n      <div id=\"layerGroup-69f449d38d444\" class=\"layerGroup\">\n      <\/div>\n    <\/div><!-- \/dwv -->\n    <\/div>\n<\/div>\n<\/div>\n","protected":false},"excerpt":{"rendered":"<p>Advertencia: debido a que el TC o RM se procesan en el dispositivo desde el que est\u00e1 visualizando esta web, dependiendo de \u00e9ste la carga inicial puede demorarse de unos segundos a alg\u00fan minuto. Sagital T2 Sagital STIR Sagital T1 Axial T2<\/p>\n","protected":false},"author":1,"featured_media":0,"parent":0,"menu_order":0,"comment_status":"closed","ping_status":"closed","template":"","meta":{"footnotes":""},"class_list":["post-647","page","type-page","status-publish","hentry"],"_links":{"self":[{"href":"https:\/\/3dtranslation.com\/index.php\/wp-json\/wp\/v2\/pages\/647","targetHints":{"allow":["GET"]}}],"collection":[{"href":"https:\/\/3dtranslation.com\/index.php\/wp-json\/wp\/v2\/pages"}],"about":[{"href":"https:\/\/3dtranslation.com\/index.php\/wp-json\/wp\/v2\/types\/page"}],"author":[{"embeddable":true,"href":"https:\/\/3dtranslation.com\/index.php\/wp-json\/wp\/v2\/users\/1"}],"replies":[{"embeddable":true,"href":"https:\/\/3dtranslation.com\/index.php\/wp-json\/wp\/v2\/comments?post=647"}],"version-history":[{"count":47,"href":"https:\/\/3dtranslation.com\/index.php\/wp-json\/wp\/v2\/pages\/647\/revisions"}],"predecessor-version":[{"id":3131,"href":"https:\/\/3dtranslation.com\/index.php\/wp-json\/wp\/v2\/pages\/647\/revisions\/3131"}],"wp:attachment":[{"href":"https:\/\/3dtranslation.com\/index.php\/wp-json\/wp\/v2\/media?parent=647"}],"curies":[{"name":"wp","href":"https:\/\/api.w.org\/{rel}","templated":true}]}}